{"id":437,"date":"2023-07-17T10:00:00","date_gmt":"2023-07-17T08:00:00","guid":{"rendered":"https:\/\/manolos.org\/nosotros\/"},"modified":"2024-11-06T09:37:57","modified_gmt":"2024-11-06T08:37:57","slug":"ueber-uns","status":"publish","type":"page","link":"https:\/\/manolos.org\/de\/ueber-uns\/","title":{"rendered":"\u00dcber Uns"},"content":{"rendered":"\n\t\t<div id=\"nosotros-descripcion\"  data-column-margin=\"default\" data-midnight=\"dark\"  class=\"wpb_row vc_row-fluid vc_row vc_row-o-equal-height vc_row-flex  top_margin_50px bottom_margin_50px\"  style=\"padding-top: 0px; padding-bottom: 0px; \"><div class=\"row-bg-wrap\" data-bg-animation=\"none\" data-bg-animation-delay=\"\" data-bg-overlay=\"false\"><div class=\"inner-wrap row-bg-layer\" ><div class=\"row-bg viewport-desktop\"  style=\"\"><\/div><\/div><\/div><div class=\"row_col_wrap_12 col span_12 dark left\">\n\t<div  class=\"vc_col-sm-12 wpb_column column_container vc_column_container col no-extra-padding inherit_tablet inherit_phone \"  data-padding-pos=\"all\" data-has-bg-color=\"false\" data-bg-color=\"\" data-bg-opacity=\"1\" data-animation=\"\" data-delay=\"0\" >\n\t\t<div class=\"vc_column-inner\" >\n\t\t\t<div class=\"wpb_wrapper\">\n\t\t\t\t\n<div class=\"wpb_text_column wpb_content_element  titol-caract\" >\n\t<div class=\"wpb_wrapper\">\n\t\t<h2 style=\"text-align: center;\">Was ben\u00f6tigen Sie?<br \/>\nWir k\u00fcmmern uns darum!<\/h2>\n\t<\/div>\n<\/div>\n\n\n\n\n<div class=\"wpb_text_column wpb_content_element  dos-columnes\" >\n\t<div class=\"wpb_wrapper\">\n\t\t<p><strong>Manolo&#8217;s Food<\/strong> und <strong>HOLA Manolo!<\/strong> zeichnen sich vor allem durch einen au\u00dfergew\u00f6hnlichen Service aus, der darauf abzielt, stets L\u00f6sungen f\u00fcr die Bed\u00fcrfnisse Ihrer Kunden zu finden.<\/p>\n<p>Unser Leitprinzip lautet: &#8222;Wir sind in erster Linie ein serviceorientiertes Unternehmen, das ma\u00dfgeschneiderte L\u00f6sungen bietet&#8220;. W\u00e4hrend unsere Produkte m\u00f6glicherweise von verschiedenen Vertriebsunternehmen vertrieben werden k\u00f6nnten, hebt sich unser Service deutlich ab.<\/p>\n<p>Unser gesamtes Team engagiert sich mit Leidenschaft daf\u00fcr, die vielf\u00e4ltigen Anforderungen unserer Kunden zu erf\u00fcllen, nicht nur durch unser breites Produktsortiment, sondern vor allem durch die Entwicklung neuer Projekte und die Suche nach innovativen Produkten und Ideen.<\/p>\n<p>Wir reagieren schnell und flexibel auf Kundenanfragen. Jede Anfrage wird von unserem professionellen Team aus kreativen, proaktiven und hochqualifizierten Mitarbeitern entgegengenommen und zeitnah bearbeitet. Unser Ziel ist es, f\u00fcr jede Anfrage die beste L\u00f6sung oder den besten Vorschlag zu finden, und wir k\u00fcmmern uns pers\u00f6nlich darum.<\/p>\n<p>Unser Engagement f\u00fcr die Zufriedenheit unserer Kunden und unsere Fokussierung auf L\u00f6sungen und praxistaugliche Vorschl\u00e4ge machen uns zu einer verl\u00e4sslichen Wahl f\u00fcr jeden, der einen effizienten und qualitativ hochwertigen Lebensmittelservice sucht.<\/p>\n<p><strong><span style=\"color: #b11830;\">Der Erfolg unserer Partnerschaften beruht nicht nur auf der Pr\u00e4sentation unserer Produkte, sondern auch darauf, die Bed\u00fcrfnisse und W\u00fcnsche unserer Partner und ihrer Kunden zu verstehen und zu erf\u00fcllen.<\/span><\/strong><\/p>\n<p>Wir sind immer hilfsbereit, <strong>l\u00f6sen Probleme<\/strong> und <strong>\u00fcberwinden Hindernisse<\/strong> auf pers\u00f6nliche Weise, indem wir uns den verschiedenen und sich wandelnden Herausforderungen des Lebensmittelmarktes anpassen und versuchen, uns durch einzigartige Produkte von der Masse abzuheben.<\/p>\n<p>Wir sind nicht einfach nur ein weiterer Lieferant, sondern ein vertrauensw\u00fcrdiger Partner. In enger Zusammenarbeit mit jedem Kunden bem\u00fchen wir uns, seine Bed\u00fcrfnisse genau zu verstehen und ma\u00dfgeschneiderte L\u00f6sungen anzubieten.<\/p>\n<p>Zusammenfassend betrachten wir uns mit <strong>Manolo&#8217;s Food<\/strong> und <strong>HOLA Manolo!<\/strong> als echte Probleml\u00f6ser. Unser Engagement f\u00fcr ma\u00dfgeschneiderte und praktikable L\u00f6sungen, kombiniert mit unserem Fokus auf den Aufbau starker Kundenbeziehungen durch unser gro\u00dfartiges Team macht uns zu einer au\u00dfergew\u00f6hnlichen Wahl f\u00fcr diejenigen, die einen qualitativ hochwertigen, andersartigen und l\u00f6sungsorientierten Lebensmittelservice suchen.<\/p>\n\t<\/div>\n<\/div>\n\n\n\n\n<div class=\"wpb_text_column wpb_content_element  vc_custom_1715168526832 titol-caract\" >\n\t<div class=\"wpb_wrapper\">\n\t\t<h3>MANOLO&#8217;S FOOD GmbH &amp; HOLA Manolo! GmbH bietet Ihnen<\/h3>\n<ol>\n<li>Produktl\u00f6sungen und Innovationen: Gourmetprodukte f\u00fcr jeden Bedarf<\/li>\n<li>Hervorragender Premium Service und hohe Flexibilit\u00e4t f\u00fcr Sie und Ihr Team (Einzelhandel, Gro\u00dfhandel, Industrie usw.)<\/li>\n<li>Nachhaltige, hochwertige Produkte zu wettbewerbsf\u00e4higen Preisen<\/li>\n<li>Ma\u00dfgeschneiderte Produkteentwicklung, Einf\u00fchrung neuer Produktlinien und Sortimente sowie verschiedener Verpackungsoptionen in kurzer Zeit<\/li>\n<li>Innovative\/alternative\/hochwertige Produkte zu wettbewerbsf\u00e4higen Preisen<\/li>\n<li>Eigenmarken jeglicher Art und saisonale Werbeaktionen mit kleineren Mengen<\/li>\n<li>24\/7 Verf\u00fcgbarkeit auf Anfrage<\/li>\n<\/ol>\n\t<\/div>\n<\/div>\n\n\n\n\n\t\t\t<\/div> \n\t\t<\/div>\n\t<\/div> \n<\/div><\/div>\n\t\t<div id=\"nosotros-timeline\"  data-column-margin=\"default\" data-midnight=\"dark\"  class=\"wpb_row vc_row-fluid vc_row full-width-content vc_row-o-equal-height vc_row-flex  top_margin_0px bottom_margin_0px\"  style=\"padding-top: 0px; padding-bottom: 0px; \"><div class=\"row-bg-wrap\" data-bg-animation=\"none\" data-bg-animation-delay=\"\" data-bg-overlay=\"false\"><div class=\"inner-wrap row-bg-layer\" ><div class=\"row-bg viewport-desktop\"  style=\"\"><\/div><\/div><\/div><div class=\"row_col_wrap_12 col span_12 dark left\">\n\t<div  class=\"vc_col-sm-12 wpb_column column_container vc_column_container col no-extra-padding inherit_tablet inherit_phone \"  data-padding-pos=\"all\" data-has-bg-color=\"false\" data-bg-color=\"\" data-bg-opacity=\"1\" data-animation=\"\" data-delay=\"0\" >\n\t\t<div class=\"vc_column-inner\" >\n\t\t\t<div class=\"wpb_wrapper\">\n\t\t\t\t\n<div class=\"wpb_text_column wpb_content_element  vc_custom_1730882275477\" >\n\t<div class=\"wpb_wrapper\">\n\t\t\n<div class=\"container vertical-5 timeline-post-1681\" id=\"vertical-5\">\n\t<div class=\"timeline\">\n\t\t<div class=\"swiper-container\">\n\t\t\t<div class=\"swiper-wrapper\">\n\t\t\t\t\t\t\t\t<div class=\"swiper-slide\" style=\"background-image: url(https:\/\/manolos.org\/wp-content\/uploads\/2024\/11\/naixement-timeline.jpg\" data-year=\"2008\">\n\t\t\t\t\t<div class=\"swiper-slide-content\">\n\t\t\t\t\t\t<span class=\"timeline-year timeline-info\">2008<\/span>\n\t\t\t\t\t\t<h4 class=\"timeline-title\">Gr\u00fcndung<\/h4>\n\t\t\t\t\t\t<p class=\"timeline-text\"><strong>Manolo's Food<\/strong> wird als Einzelunternehmen gegr\u00fcndet.<\/p>\n\t\t\t\t\t<\/div>\n\t\t\t\t<\/div>\n\t\t\t\t\t\t\t\t<div class=\"swiper-slide\" style=\"background-image: url(https:\/\/manolos.org\/wp-content\/uploads\/2024\/11\/equipo-timeline.jpg\" data-year=\"2011\">\n\t\t\t\t\t<div class=\"swiper-slide-content\">\n\t\t\t\t\t\t<span class=\"timeline-year timeline-info\">2011<\/span>\n\t\t\t\t\t\t<h4 class=\"timeline-title\">Zusammenarbeit mit TEB<\/h4>\n\t\t\t\t\t\t<p class=\"timeline-text\">Wir haben eine Kooperation mit <strong>Taller Escola Barcelona TEB<\/strong> begonnen, einer gemeinn\u00fctzigen Genossenschaft, die sich f\u00fcr die Integration von Menschen mit geistigen Beeintr\u00e4chtigungen in den Arbeitsmarkt einsetzt.<\/p>\n\t\t\t\t\t<\/div>\n\t\t\t\t<\/div>\n\t\t\t\t\t\t\t\t<div class=\"swiper-slide\" style=\"background-image: url(https:\/\/manolos.org\/wp-content\/uploads\/2024\/11\/especias-timeline.jpg\" data-year=\"2013\">\n\t\t\t\t\t<div class=\"swiper-slide-content\">\n\t\t\t\t\t\t<span class=\"timeline-year timeline-info\">2013<\/span>\n\t\t\t\t\t\t<h4 class=\"timeline-title\">Beginn der &quot;&amp; More&quot;-Produktreihe<\/h4>\n\t\t\t\t\t\t<p class=\"timeline-text\">Gr\u00fcndung eines neuen Unternehmens <strong>\"Trade & More\"<\/strong> in Barcelona: Das ist das Ergebnis der vertieften Zusammenarbeit mit <strong>TEB<\/strong> in Barcelona, Spanien. Diese Zusammenarbeit f\u00fchrte zur Entstehung  der <strong>& MORE<\/strong> Produktfamilie von Salzen und Gew\u00fcrzen.<\/p>\n\t\t\t\t\t<\/div>\n\t\t\t\t<\/div>\n\t\t\t\t\t\t\t\t<div class=\"swiper-slide\" style=\"background-image: url(https:\/\/manolos.org\/wp-content\/uploads\/2024\/11\/saltblock-timeline-1.jpg\" data-year=\"2014\">\n\t\t\t\t\t<div class=\"swiper-slide-content\">\n\t\t\t\t\t\t<span class=\"timeline-year timeline-info\">2014<\/span>\n\t\t\t\t\t\t<h4 class=\"timeline-title\">Pr\u00e4sentation des Persischen Salzblocks<\/h4>\n\t\t\t\t\t\t<p class=\"timeline-text\">Wir pr\u00e4sentieren die Innovation des <strong>Persischen Salzblocks<\/strong> f\u00fcr den Verkauf in Superm\u00e4rkten. Dieser Salzblock eignet sich ideal f\u00fcr Grillpartys und den Endverbrauchermarkt. Wir sind stolz darauf, die ersten zu sein, die ihn zu einem wettbewerbsf\u00e4higen Preis auf den Markt bringen.<\/p>\n\t\t\t\t\t<\/div>\n\t\t\t\t<\/div>\n\t\t\t\t\t\t\t\t<div class=\"swiper-slide\" style=\"background-image: url(https:\/\/manolos.org\/wp-content\/uploads\/2024\/11\/colonia1-timeline.jpg\" data-year=\"2015\">\n\t\t\t\t\t<div class=\"swiper-slide-content\">\n\t\t\t\t\t\t<span class=\"timeline-year timeline-info\">2015<\/span>\n\t\t\t\t\t\t<h4 class=\"timeline-title\">Pr\u00e4senz auf internationalen Messen<\/h4>\n\t\t\t\t\t\t<p class=\"timeline-text\">Wir waren erstmals mit einem repr\u00e4sentativen Stand  auf der gr\u00f6\u00dften Lebensmittelmesse \"<strong>ANUGA<\/strong>\" in K\u00f6ln vertreten.<\/p>\n\t\t\t\t\t<\/div>\n\t\t\t\t<\/div>\n\t\t\t\t\t\t\t\t<div class=\"swiper-slide\" style=\"background-image: url(https:\/\/manolos.org\/wp-content\/uploads\/2024\/11\/bcn1-timeline.jpg\" data-year=\"2016\">\n\t\t\t\t\t<div class=\"swiper-slide-content\">\n\t\t\t\t\t\t<span class=\"timeline-year timeline-info\">2016<\/span>\n\t\t\t\t\t\t<h4 class=\"timeline-title\">Anwesenheit auf der Alimentaria (Barcelona)<\/h4>\n\t\t\t\t\t\t<p class=\"timeline-text\">Wir waren auf der <strong>Alimentaria<\/strong> Home Fair in Barcelona vertreten, einer bedeutenden Messe f\u00fcr den Lebensmittelmarkt. Der Salzblock wurde auch in der spanischen Fernsehsendung TVE \"<strong>Espa\u00f1a Directo<\/strong>\" vorgestellt.<\/p>\n\t\t\t\t\t<\/div>\n\t\t\t\t<\/div>\n\t\t\t\t\t\t\t\t<div class=\"swiper-slide\" style=\"background-image: url(https:\/\/manolos.org\/wp-content\/uploads\/2024\/11\/special-timeline.jpg\" data-year=\"2017\">\n\t\t\t\t\t<div class=\"swiper-slide-content\">\n\t\t\t\t\t\t<span class=\"timeline-year timeline-info\">2017<\/span>\n\t\t\t\t\t\t<h4 class=\"timeline-title\">Manolo&#039;s Food unterst\u00fctzt die Special Olympics<\/h4>\n\t\t\t\t\t\t<p class=\"timeline-text\">Wir nahmen Teil an den \"<strong>Special Olympics<\/strong> World Winter Games\" in Schladming (\u00d6sterreich).  Zudem pr\u00e4sentierten wir unser \"<strong>Sweet & More<\/strong>\"-Sortiment auf Messen wie der ISM FAIR in K\u00f6ln. <\/p>\n\t\t\t\t\t<\/div>\n\t\t\t\t<\/div>\n\t\t\t\t\t\t\t\t<div class=\"swiper-slide\" style=\"background-image: url(https:\/\/manolos.org\/wp-content\/uploads\/2024\/11\/michelin-timeline.jpg\" data-year=\"2018\">\n\t\t\t\t\t<div class=\"swiper-slide-content\">\n\t\t\t\t\t\t<span class=\"timeline-year timeline-info\">2018<\/span>\n\t\t\t\t\t\t<h4 class=\"timeline-title\">Johann Lafer mag unsere Produkte<\/h4>\n\t\t\t\t\t\t<p class=\"timeline-text\">Starkoch <strong>Johann Lafer<\/strong> verwendet Produkte von Manolo in seiner Sternek\u00fcche!<\/p>\n\t\t\t\t\t<\/div>\n\t\t\t\t<\/div>\n\t\t\t\t\t\t\t\t<div class=\"swiper-slide\" style=\"background-image: url(https:\/\/manolos.org\/wp-content\/uploads\/2024\/11\/covid1-timeline.jpg\" data-year=\"2020\">\n\t\t\t\t\t<div class=\"swiper-slide-content\">\n\t\t\t\t\t\t<span class=\"timeline-year timeline-info\">2020<\/span>\n\t\t\t\t\t\t<h4 class=\"timeline-title\">Sicherstellung der Lebensmitelversorgung w\u00e4hrend der COVID-Pandemie<\/h4>\n\t\t\t\t\t\t<p class=\"timeline-text\">Wir haben einen Beitrag zur L\u00f6sung der durch Engp\u00e4sse im Einzelhandel entstandenen Probleme geleistet. Schnell und effezient haben wir verschiedene Produkte wie Mehl, Pflanzen\u00f6le, Nudeln, Konserven, Gem\u00fcse, Reis, Salz und insbesondere Trockenhefe geliefert. <\/p>\n\t\t\t\t\t<\/div>\n\t\t\t\t<\/div>\n\t\t\t\t\t\t\t\t<div class=\"swiper-slide\" style=\"background-image: url(https:\/\/manolos.org\/wp-content\/uploads\/2024\/11\/distrib-timeline.jpg\" data-year=\"2021\">\n\t\t\t\t\t<div class=\"swiper-slide-content\">\n\t\t\t\t\t\t<span class=\"timeline-year timeline-info\">2021<\/span>\n\t\t\t\t\t\t<h4 class=\"timeline-title\">St\u00e4rkung der Gesch\u00e4ftst\u00e4tigkeit<\/h4>\n\t\t\t\t\t\t<p class=\"timeline-text\">Wir festigen nachhaltig unsere Kundenbeziehungen und unser Gesch\u00e4ftsvolumen, indem wir nach der Covid-Pandemie sicherstellen, dass unsere Kunden kontinuiertlich mit unseren Produkten versorgt werden.<\/p>\n\t\t\t\t\t<\/div>\n\t\t\t\t<\/div>\n\t\t\t\t\t\t\t\t<div class=\"swiper-slide\" style=\"background-image: url(https:\/\/manolos.org\/wp-content\/uploads\/2024\/11\/ucrania-timeline.jpg\" data-year=\"2022\">\n\t\t\t\t\t<div class=\"swiper-slide-content\">\n\t\t\t\t\t\t<span class=\"timeline-year timeline-info\">2022<\/span>\n\t\t\t\t\t\t<h4 class=\"timeline-title\">Ukraine-Krieg - garantierte Versorgung mit pflanzlichen \u00d6len<\/h4>\n\t\t\t\t\t\t<p class=\"timeline-text\">Wir haben einen Teil der durch Engp\u00e4sse im Einzelhandel verursachten M\u00e4ngel gel\u00f6st, indem wir pflanzliche \u00d6le und Mehl geliefert haben. Bereits ab dem ersten Tag des Konflikts in der Ukraine waren wir sehr schnell bei der Auslieferung von Produkten. <br \/>\r\nIm April 2022 haben wir zusammen mit dem Transportunternehmen \"Platzer Spedition\" 4 vier Lastwagen voller verschiedener Lebensmittel, Getr\u00e4nke, Kleidung usw., gespendet, um die durch den Krieg bedingte Not der Bev\u00f6lkerung in der Ukraine zu lindern.<\/p>\n\t\t\t\t\t<\/div>\n\t\t\t\t<\/div>\n\t\t\t\t\t\t\t\t<div class=\"swiper-slide\" style=\"background-image: url(https:\/\/manolos.org\/wp-content\/uploads\/2024\/11\/nacimiento.jpg\" data-year=\"2023\">\n\t\t\t\t\t<div class=\"swiper-slide-content\">\n\t\t\t\t\t\t<span class=\"timeline-year timeline-info\">2023<\/span>\n\t\t\t\t\t\t<h4 class=\"timeline-title\">Ein Jahr der Meilensteine bei Manolo&#039;s<\/h4>\n\t\t\t\t\t\t<p class=\"timeline-text\">\u2022 Einf\u00fchrung der neuen <strong>TEX-MEX-Linie<\/strong> \"LA FIESTA MEXICO\" - eine mexikanische Fiesta in Deiner K\u00fcche. <br\/>\r\n\r\n\u2022 Gr\u00fcndung der \"<strong>HOLA Manolo! GmbH<\/strong>\", ein neues Mitglied der Manolo's-Familie.<br\/>\r\n\r\n\u2022 Relaunch der Marke \"& More\" mit der Markteinf\u00fchrung von \"<strong>PURO MUNDO<\/strong>\".<\/p>\n\t\t\t\t\t<\/div>\n\t\t\t\t<\/div>\n\t\t\t\t\t\t\t\t<div class=\"swiper-slide\" style=\"background-image: url(https:\/\/manolos.org\/wp-content\/uploads\/2024\/11\/time2024.jpg\" data-year=\"2024\">\n\t\t\t\t\t<div class=\"swiper-slide-content\">\n\t\t\t\t\t\t<span class=\"timeline-year timeline-info\">2024<\/span>\n\t\t\t\t\t\t<h4 class=\"timeline-title\">Neue Produktreihe von Saucen<\/h4>\n\t\t\t\t\t\t<p class=\"timeline-text\">Unser eigenes Markenportfolio erweitert sich mit der Kreation von Saucen, die perfekt zu Sandwiches, Burgern, Wraps und Salaten passen.<br\/>\r\nDie Auswahl umfasst 4 k\u00f6stliche Geschmacksrichtungen: Chipotle Southwest, Honey Mustard, Sweet Onion und Vegan Allioli.<\/p>\n\t\t\t\t\t<\/div>\n\t\t\t\t<\/div>\n\t\t\t\t\t\t\t\t<div class=\"swiper-slide\" style=\"background-image: url(https:\/\/manolos.org\/wp-content\/uploads\/2024\/11\/fons-plastic.jpg\" data-year=\"2024\">\n\t\t\t\t\t<div class=\"swiper-slide-content\">\n\t\t\t\t\t\t<span class=\"timeline-year timeline-info\">2024<\/span>\n\t\t\t\t\t\t<h4 class=\"timeline-title\">Wir kooperieren mit der NGO Plastic Bank<\/h4>\n\t\t\t\t\t\t<p class=\"timeline-text\">Durch den Verkauf von Subyou Subme-Saucen unterst\u00fctzen wir die gemeinn\u00fctzige Organisation  bei Ihrem Einsatz zur Beseitigung von Plastikm\u00fcll in den Ozeanen.<\/p>\n\t\t\t\t\t<\/div>\n\t\t\t\t<\/div>\n\t\t\t\t\t\t\t\t<div class=\"swiper-slide\" style=\"background-image: url(https:\/\/manolos.org\/wp-content\/uploads\/2024\/11\/medicos-timeline.jpg\" data-year=\"2024\">\n\t\t\t\t\t<div class=\"swiper-slide-content\">\n\t\t\t\t\t\t<span class=\"timeline-year timeline-info\">2024<\/span>\n\t\t\t\t\t\t<h4 class=\"timeline-title\">Wir unterst\u00fctzen \u00c4rzte ohne Grenzen!<\/h4>\n\t\t\t\t\t\t<p class=\"timeline-text\">Wir sind stolz darauf, \u00c4rzte ohne Grenzen in ihrer wichtigen Arbeit zu unterst\u00fctzen. Gemeinsam setzen wir uns daf\u00fcr ein, medizinische Hilfe f\u00fcr Menschen in Not auf der ganzen Welt bereitzustellen. Bleiben Sie auf dem Laufenden \u00fcber unsere Unterst\u00fctzung und wie auch Sie helfen k\u00f6nnen.<\/p>\n\t\t\t\t\t<\/div>\n\t\t\t\t<\/div>\n\t\t\t\t\t\t\t<\/div>\n\t\t\t<div class=\"swiper-button-prev\"><\/div>\n\t\t\t<div class=\"swiper-button-next\"><\/div>\n\t\t\t<div class=\"swiper-pagination\"><\/div>\n\t\t<\/div>\n\t<\/div>\n<\/div>\n\n\n<script>\n(function ($) {\n\t'use strict';\n\n\t$(document).ready(function() {\n\t\tvar teamSwiper = new Swiper ('.vertical-5 .timeline .swiper-container', {\n\t\t  \tloop: false,\n\t\t  \tspeed: 1600,\n\t\t  \tpagination: {\n\t\t        el: '.swiper-pagination',\n\t\t        clickable: true,\n\t\t        renderBullet: function (index, className) {\n\t\t        \tconsole.log(index);\n\t    \t\t\tvar year = document.querySelectorAll('.swiper-slide')[index].getAttribute('data-year');\n\t\t          \treturn '<span class=\"' + className + '\">' + year + '<\/span>';\n\n\t\t        },\n\t\t      },\n\t\t  \tpaginationClickable: true,\n\t\t     navigation: {\n\t\t        nextEl: '.swiper-button-next',\n\t\t        prevEl: '.swiper-button-prev',\n\t\t      },\n\t\t  \tbreakpoints: {\n\t\t    \t768: {\n\t\t      \tdirection: 'horizontal',\n\t\t    \t},\n\t\t\t\t1024: {\n\t\t\t      direction: 'vertical',\n\t\t\t    }\n\t\t  \t}\n\t\t});\n\t});\n})( jQuery );\n<\/script>\n\t<\/div>\n<\/div>\n\n\n\n\n\t\t\t<\/div> \n\t\t<\/div>\n\t<\/div> \n<\/div><\/div>\n","protected":false},"excerpt":{"rendered":"","protected":false},"author":1,"featured_media":0,"parent":0,"menu_order":20,"comment_status":"closed","ping_status":"closed","template":"","meta":{"footnotes":""},"class_list":["post-437","page","type-page","status-publish"],"yoast_head":"<!-- This site is optimized with the Yoast SEO plugin v26.1.1 - https:\/\/yoast.com\/wordpress\/plugins\/seo\/ -->\n<title>\u00dcber Uns - Manolo&#039;s Food<\/title>\n<meta name=\"robots\" content=\"index, follow, max-snippet:-1, max-image-preview:large, max-video-preview:-1\" \/>\n<link rel=\"canonical\" href=\"https:\/\/manolos.org\/de\/ueber-uns\/\" \/>\n<meta property=\"og:locale\" content=\"de_DE\" \/>\n<meta property=\"og:type\" content=\"article\" \/>\n<meta property=\"og:title\" content=\"\u00dcber Uns - Manolo&#039;s Food\" \/>\n<meta property=\"og:url\" content=\"https:\/\/manolos.org\/de\/ueber-uns\/\" \/>\n<meta property=\"og:site_name\" content=\"Manolo&#039;s Food\" \/>\n<meta property=\"article:publisher\" content=\"https:\/\/www.facebook.com\/andmore4you\" \/>\n<meta property=\"article:modified_time\" content=\"2024-11-06T08:37:57+00:00\" \/>\n<meta name=\"twitter:card\" content=\"summary_large_image\" \/>\n<meta name=\"twitter:label1\" content=\"Gesch\u00e4tzte Lesezeit\" \/>\n\t<meta name=\"twitter:data1\" content=\"2\u00a0Minuten\" \/>\n<script type=\"application\/ld+json\" class=\"yoast-schema-graph\">{\"@context\":\"https:\/\/schema.org\",\"@graph\":[{\"@type\":\"WebPage\",\"@id\":\"https:\/\/manolos.org\/de\/ueber-uns\/\",\"url\":\"https:\/\/manolos.org\/de\/ueber-uns\/\",\"name\":\"\u00dcber Uns - Manolo&#039;s Food\",\"isPartOf\":{\"@id\":\"https:\/\/manolos.org\/de\/#website\"},\"datePublished\":\"2023-07-17T08:00:00+00:00\",\"dateModified\":\"2024-11-06T08:37:57+00:00\",\"breadcrumb\":{\"@id\":\"https:\/\/manolos.org\/de\/ueber-uns\/#breadcrumb\"},\"inLanguage\":\"de\",\"potentialAction\":[{\"@type\":\"ReadAction\",\"target\":[\"https:\/\/manolos.org\/de\/ueber-uns\/\"]}]},{\"@type\":\"BreadcrumbList\",\"@id\":\"https:\/\/manolos.org\/de\/ueber-uns\/#breadcrumb\",\"itemListElement\":[{\"@type\":\"ListItem\",\"position\":1,\"name\":\"Portada\",\"item\":\"https:\/\/manolos.org\/de\/\"},{\"@type\":\"ListItem\",\"position\":2,\"name\":\"\u00dcber Uns\"}]},{\"@type\":\"WebSite\",\"@id\":\"https:\/\/manolos.org\/de\/#website\",\"url\":\"https:\/\/manolos.org\/de\/\",\"name\":\"Manolo's Food\",\"description\":\"\",\"publisher\":{\"@id\":\"https:\/\/manolos.org\/de\/#organization\"},\"potentialAction\":[{\"@type\":\"SearchAction\",\"target\":{\"@type\":\"EntryPoint\",\"urlTemplate\":\"https:\/\/manolos.org\/de\/?s={search_term_string}\"},\"query-input\":{\"@type\":\"PropertyValueSpecification\",\"valueRequired\":true,\"valueName\":\"search_term_string\"}}],\"inLanguage\":\"de\"},{\"@type\":\"Organization\",\"@id\":\"https:\/\/manolos.org\/de\/#organization\",\"name\":\"Manolo's Food\",\"url\":\"https:\/\/manolos.org\/de\/\",\"logo\":{\"@type\":\"ImageObject\",\"inLanguage\":\"de\",\"@id\":\"https:\/\/manolos.org\/de\/#\/schema\/logo\/image\/\",\"url\":\"https:\/\/manolos.org\/wp-content\/uploads\/2024\/10\/logo-manolo-2.png\",\"contentUrl\":\"https:\/\/manolos.org\/wp-content\/uploads\/2024\/10\/logo-manolo-2.png\",\"width\":287,\"height\":175,\"caption\":\"Manolo's Food\"},\"image\":{\"@id\":\"https:\/\/manolos.org\/de\/#\/schema\/logo\/image\/\"},\"sameAs\":[\"https:\/\/www.facebook.com\/andmore4you\",\"https:\/\/www.youtube.com\/andmore4you\"]}]}<\/script>\n<!-- \/ Yoast SEO plugin. -->","yoast_head_json":{"title":"\u00dcber Uns - Manolo&#039;s Food","robots":{"index":"index","follow":"follow","max-snippet":"max-snippet:-1","max-image-preview":"max-image-preview:large","max-video-preview":"max-video-preview:-1"},"canonical":"https:\/\/manolos.org\/de\/ueber-uns\/","og_locale":"de_DE","og_type":"article","og_title":"\u00dcber Uns - Manolo&#039;s Food","og_url":"https:\/\/manolos.org\/de\/ueber-uns\/","og_site_name":"Manolo&#039;s Food","article_publisher":"https:\/\/www.facebook.com\/andmore4you","article_modified_time":"2024-11-06T08:37:57+00:00","twitter_card":"summary_large_image","twitter_misc":{"Gesch\u00e4tzte Lesezeit":"2\u00a0Minuten"},"schema":{"@context":"https:\/\/schema.org","@graph":[{"@type":"WebPage","@id":"https:\/\/manolos.org\/de\/ueber-uns\/","url":"https:\/\/manolos.org\/de\/ueber-uns\/","name":"\u00dcber Uns - Manolo&#039;s Food","isPartOf":{"@id":"https:\/\/manolos.org\/de\/#website"},"datePublished":"2023-07-17T08:00:00+00:00","dateModified":"2024-11-06T08:37:57+00:00","breadcrumb":{"@id":"https:\/\/manolos.org\/de\/ueber-uns\/#breadcrumb"},"inLanguage":"de","potentialAction":[{"@type":"ReadAction","target":["https:\/\/manolos.org\/de\/ueber-uns\/"]}]},{"@type":"BreadcrumbList","@id":"https:\/\/manolos.org\/de\/ueber-uns\/#breadcrumb","itemListElement":[{"@type":"ListItem","position":1,"name":"Portada","item":"https:\/\/manolos.org\/de\/"},{"@type":"ListItem","position":2,"name":"\u00dcber Uns"}]},{"@type":"WebSite","@id":"https:\/\/manolos.org\/de\/#website","url":"https:\/\/manolos.org\/de\/","name":"Manolo's Food","description":"","publisher":{"@id":"https:\/\/manolos.org\/de\/#organization"},"potentialAction":[{"@type":"SearchAction","target":{"@type":"EntryPoint","urlTemplate":"https:\/\/manolos.org\/de\/?s={search_term_string}"},"query-input":{"@type":"PropertyValueSpecification","valueRequired":true,"valueName":"search_term_string"}}],"inLanguage":"de"},{"@type":"Organization","@id":"https:\/\/manolos.org\/de\/#organization","name":"Manolo's Food","url":"https:\/\/manolos.org\/de\/","logo":{"@type":"ImageObject","inLanguage":"de","@id":"https:\/\/manolos.org\/de\/#\/schema\/logo\/image\/","url":"https:\/\/manolos.org\/wp-content\/uploads\/2024\/10\/logo-manolo-2.png","contentUrl":"https:\/\/manolos.org\/wp-content\/uploads\/2024\/10\/logo-manolo-2.png","width":287,"height":175,"caption":"Manolo's Food"},"image":{"@id":"https:\/\/manolos.org\/de\/#\/schema\/logo\/image\/"},"sameAs":["https:\/\/www.facebook.com\/andmore4you","https:\/\/www.youtube.com\/andmore4you"]}]}},"_links":{"self":[{"href":"https:\/\/manolos.org\/de\/wp-json\/wp\/v2\/pages\/437","targetHints":{"allow":["GET"]}}],"collection":[{"href":"https:\/\/manolos.org\/de\/wp-json\/wp\/v2\/pages"}],"about":[{"href":"https:\/\/manolos.org\/de\/wp-json\/wp\/v2\/types\/page"}],"author":[{"embeddable":true,"href":"https:\/\/manolos.org\/de\/wp-json\/wp\/v2\/users\/1"}],"replies":[{"embeddable":true,"href":"https:\/\/manolos.org\/de\/wp-json\/wp\/v2\/comments?post=437"}],"version-history":[{"count":2,"href":"https:\/\/manolos.org\/de\/wp-json\/wp\/v2\/pages\/437\/revisions"}],"predecessor-version":[{"id":1685,"href":"https:\/\/manolos.org\/de\/wp-json\/wp\/v2\/pages\/437\/revisions\/1685"}],"wp:attachment":[{"href":"https:\/\/manolos.org\/de\/wp-json\/wp\/v2\/media?parent=437"}],"curies":[{"name":"wp","href":"https:\/\/api.w.org\/{rel}","templated":true}]}}