{"id":452,"date":"2024-03-24T13:00:15","date_gmt":"2024-03-24T12:00:15","guid":{"rendered":"https:\/\/manolos.org\/productos\/oro-del-mare\/"},"modified":"2024-11-19T19:00:16","modified_gmt":"2024-11-19T18:00:16","slug":"oro-del-mare","status":"publish","type":"page","link":"https:\/\/manolos.org\/de\/produkte\/oro-del-mare\/","title":{"rendered":"Oro del Mare"},"content":{"rendered":"\n\t\t<div id=\"marca\"  data-column-margin=\"default\" data-midnight=\"dark\"  class=\"wpb_row vc_row-fluid vc_row vc_row-o-equal-height vc_row-flex  bottom_margin_0px\"  style=\"padding-top: 50px; padding-bottom: 50px; \"><div class=\"row-bg-wrap\" data-bg-animation=\"none\" data-bg-animation-delay=\"\" data-bg-overlay=\"false\"><div class=\"inner-wrap row-bg-layer\" ><div class=\"row-bg viewport-desktop\"  style=\"\"><\/div><\/div><\/div><div class=\"row_col_wrap_12 col span_12 dark left\">\n\t<div  class=\"vc_col-sm-2\/5 wpb_column column_container vc_column_container col no-extra-padding inherit_tablet inherit_phone \"  data-padding-pos=\"all\" data-has-bg-color=\"false\" data-bg-color=\"\" data-bg-opacity=\"1\" data-animation=\"\" data-delay=\"0\" >\n\t\t<div class=\"vc_column-inner\" >\n\t\t\t<div class=\"wpb_wrapper\">\n\t\t\t\t\n\t<div class=\"wpb_gallery wpb_content_element clearfix\">\n\t\t<div class=\"wpb_wrapper\"><div class=\"wpb_gallery_slides wpb_flexslider flex-gallery flexslider\" data-onclick=\"link_no\" data-interval=\"5\" data-flex_fx=\"fade\"><ul class=\"slides\" data-d-autorotate=\"\"><li><img decoding=\"async\" class=\"skip-lazy \" src=\"https:\/\/manolos.org\/wp-content\/uploads\/2024\/11\/mare1.jpg\" width=\"700\" height=\"550\" alt=\"mare1\" title=\"mare1\" loading=\"lazy\" \/><\/li><li><img decoding=\"async\" class=\"skip-lazy \" src=\"https:\/\/manolos.org\/wp-content\/uploads\/2024\/11\/mare2.jpg\" width=\"700\" height=\"550\" alt=\"mare2\" title=\"mare2\" loading=\"lazy\" \/><\/li><li><img decoding=\"async\" class=\"skip-lazy \" src=\"https:\/\/manolos.org\/wp-content\/uploads\/2024\/11\/mare3.jpg\" width=\"700\" height=\"550\" alt=\"mare3\" title=\"mare3\" loading=\"lazy\" \/><\/li><li><img decoding=\"async\" class=\"skip-lazy \" src=\"https:\/\/manolos.org\/wp-content\/uploads\/2024\/11\/mare4.jpg\" width=\"700\" height=\"550\" alt=\"mare4\" title=\"mare4\" loading=\"lazy\" \/><\/li><li><img decoding=\"async\" class=\"skip-lazy \" src=\"https:\/\/manolos.org\/wp-content\/uploads\/2024\/11\/mare5.jpg\" width=\"700\" height=\"550\" alt=\"mare5\" title=\"mare5\" loading=\"lazy\" \/><\/li><li><img decoding=\"async\" class=\"skip-lazy \" src=\"https:\/\/manolos.org\/wp-content\/uploads\/2024\/11\/mare6.jpg\" width=\"700\" height=\"550\" alt=\"mare6\" title=\"mare6\" loading=\"lazy\" \/><\/li><\/ul><\/div>\n\t\t<\/div> \n\t<\/div> \n\t\t\t<\/div> \n\t\t<\/div>\n\t<\/div> \n\n\t<div  class=\"vc_col-sm-3\/5 wpb_column column_container vc_column_container col no-extra-padding inherit_tablet inherit_phone \"  data-padding-pos=\"all\" data-has-bg-color=\"false\" data-bg-color=\"\" data-bg-opacity=\"1\" data-animation=\"\" data-delay=\"0\" >\n\t\t<div class=\"vc_column-inner\" >\n\t\t\t<div class=\"wpb_wrapper\">\n\t\t\t\t\n<div class=\"wpb_text_column wpb_content_element  titol-caract\" >\n\t<div class=\"wpb_wrapper\">\n\t\t<h2>Oro del mare<\/h2>\n\t<\/div>\n<\/div>\n\n\n\n\n<div class=\"wpb_text_column wpb_content_element \" >\n\t<div class=\"wpb_wrapper\">\n\t\t<p>Oro del Mare ist unser 100% nat\u00fcrliches Salz von der spanischen Mittelmeerk\u00fcste, das direkt aus der Verdunstung des Meerwassers gewonnen wird, ohne jegliche Zus\u00e4tze.<\/p>\n\t<\/div>\n<\/div>\n\n\n\n\n\t\t\t<\/div> \n\t\t<\/div>\n\t<\/div> \n<\/div><\/div>\n\t\t<div id=\"productos-marca\"  data-column-margin=\"default\" data-midnight=\"dark\"  class=\"wpb_row vc_row-fluid vc_row full-width-section vc_row-o-equal-height vc_row-flex  top_margin_0px bottom_margin_0px\"  style=\"padding-top: 50px; padding-bottom: 0px; \"><div class=\"row-bg-wrap\" data-bg-animation=\"none\" data-bg-animation-delay=\"\" data-bg-overlay=\"false\"><div class=\"inner-wrap row-bg-layer\" ><div class=\"row-bg viewport-desktop\"  style=\"\"><\/div><\/div><\/div><div class=\"row_col_wrap_12 col span_12 dark left\">\n\t<div  class=\"vc_col-sm-12 wpb_column column_container vc_column_container col no-extra-padding inherit_tablet inherit_phone \"  data-padding-pos=\"all\" data-has-bg-color=\"false\" data-bg-color=\"\" data-bg-opacity=\"1\" data-animation=\"\" data-delay=\"0\" >\n\t\t<div class=\"vc_column-inner\" >\n\t\t\t<div class=\"wpb_wrapper\">\n\t\t\t\t\n<div class=\"wpb_text_column wpb_content_element  vc_custom_1696527346517\" >\n\t<div class=\"wpb_wrapper\">\n\t\t<h2 style=\"text-align: center;\">Produkte<\/h2>\n\t<\/div>\n<\/div>\n\n\n\n\t\t\t\t\n\t\t\t\t\n\t\t\t\t\n\t\t\t\t<div class=\"portfolio-wrap \">\n\t\t\t\t\t\n\t\t\t\t\t\t\t\t\t\t\n\t\t\t\t\t<span class=\"portfolio-loading  none\">   <\/span>\n\t\t\t\t\t\n\t\t\t\t\t\t\t\t\t\t\n\t\t\t\t\t<div class=\"row portfolio-items no-masonry  \"  data-masonry-type=\"default\" data-ps=\"7\" data-starting-filter=\"\" data-gutter=\"10px\" data-categories-to-show=\"oro-del-mare\" data-bypass-cropping=\"true\" data-lightbox-only=\"0\" data-col-num=\"elastic\">\n\t\t\t\t\t\t\t\t\t\t\t\t\n\t\t\t\t\t\t\t\t\t\t\t\t\n\t\t\t\t\t\t<div class=\"col elastic-portfolio-item  element oro-del-mare-de produkte salze-und-gewuerze unsere-marken \"  data-project-cat=\"oro-del-mare-de produkte salze-und-gewuerze unsere-marken \" data-default-color=\"true\" data-title-color=\"\" data-subtitle-color=\"\">\n\t\t\t\t\t\t\t\n\t\t\t\t\t\t\t<div class=\"inner-wrap animated\" data-animation=\"none\">\n\t\t\t\t\t\t\t\t\n\t\t\t\t\t\t\t\t\t\t\t\t\t\t\t\t\t\n\t\t\t\t\t\t\t\t\t<div class=\"work-item style-2\" data-custom-content=\"off\">\n\t\t\t\t\t\t\t\t\t\t\n\t\t\t\t\t\t\t\t\t\t<img decoding=\"async\" class=\"custom-thumbnail skip-lazy\" src=\"https:\/\/manolos.org\/wp-content\/uploads\/2025\/05\/orodelmare-caja-grob.png\" alt=\"Oro del Mare. Nat\u00fcrliches Meersalz GROB\" \/>\t\t\t\t\t\t\t\t\t\t\n\t\t\t\t\t\t\t\t\t\t<div class=\"work-info-bg\"><\/div>\n\t\t\t\t\t\t\t\t\t\t<div class=\"work-info\">\n\t\t\t\t\t\t\t\t\t\t\t\n\t\t\t\t\t\t\t\t\t\t\t\t\t\t\t\t\t\t\t\t\t\t\t\n\t\t\t\t\t\t\t\t\t\t\t\t\n\t\t\t\t\t\t\t\t\t\t\t\t\t\t\t\t\t\t\t\t\t\t\t\t\t\n\t\t\t\t\t\t\t\t\t\t\t\t\t<a href=\"https:\/\/manolos.org\/de\/prod\/oro-del-mare-natuerliches-meersalz-grob-3\/\"><\/a>\n\t\t\t\t\t\t\t\t\t\t\t\t\t\n\t\t\t\t\t\t\t\t\t\t\t\t\t\t\t\t\t\t\t\t\t\t\t\n\t\t\t\t\t\t\t\t\t\t\t\n\t\t\t\t\t\t\t\t\t\t\t<div class=\"vert-center\">\n\t\t\t\t\t\t\t\t\t\t\t\t\t\n\t\t\t\t\t\t\t\t\t\t\t\t\t<h3>Oro del Mare. Nat\u00fcrliches Meersalz GROB<\/h3> \n\t\t\t\t\t\t\t\t\t\t\t\t\t\t\t\t\t\t\t\t\t\t\t\t<\/div><!--\/vert-center-->\n\t\t\t\t\t\t\t\t\t\t\t\n\t\t\t\t\t\t\t\t\t\t<\/div>\n\t\t\t\t\t\t\t\t\t<\/div><!--work-item-->\n\t\t\t\t\t\t\t\t\t\n\t\t\t\t\t\t\t\t\t\t\t\t\t\t\t\t\n\t\t\t\t\t\t\t\t\n\t\t\t\t\t\t\t<\/div><!--\/inner-wrap-->\n\t\t\t\t\t\t<\/div><!--\/col-->\n\t\t\t\t\t\t\n\t\t\t\t\t\t\t\t\t\t\t\n\t\t\t\t\t\t\t\t\t\t\t\t\n\t\t\t\t\t\t<div class=\"col elastic-portfolio-item  element oro-del-mare-de produkte salze-und-gewuerze unsere-marken \"  data-project-cat=\"oro-del-mare-de produkte salze-und-gewuerze unsere-marken \" data-default-color=\"true\" data-title-color=\"\" data-subtitle-color=\"\">\n\t\t\t\t\t\t\t\n\t\t\t\t\t\t\t<div class=\"inner-wrap animated\" data-animation=\"none\">\n\t\t\t\t\t\t\t\t\n\t\t\t\t\t\t\t\t\t\t\t\t\t\t\t\t\t\n\t\t\t\t\t\t\t\t\t<div class=\"work-item style-2\" data-custom-content=\"off\">\n\t\t\t\t\t\t\t\t\t\t\n\t\t\t\t\t\t\t\t\t\t<img decoding=\"async\" class=\"custom-thumbnail skip-lazy\" src=\"https:\/\/manolos.org\/wp-content\/uploads\/2025\/05\/orodelmare-caja-fein.png\" alt=\"Oro del Mare. Nat\u00fcrliches Meersalz FEIN\" \/>\t\t\t\t\t\t\t\t\t\t\n\t\t\t\t\t\t\t\t\t\t<div class=\"work-info-bg\"><\/div>\n\t\t\t\t\t\t\t\t\t\t<div class=\"work-info\">\n\t\t\t\t\t\t\t\t\t\t\t\n\t\t\t\t\t\t\t\t\t\t\t\t\t\t\t\t\t\t\t\t\t\t\t\n\t\t\t\t\t\t\t\t\t\t\t\t\n\t\t\t\t\t\t\t\t\t\t\t\t\t\t\t\t\t\t\t\t\t\t\t\t\t\n\t\t\t\t\t\t\t\t\t\t\t\t\t<a href=\"https:\/\/manolos.org\/de\/prod\/oro-del-mare-natuerliches-meersalz-fein-2\/\"><\/a>\n\t\t\t\t\t\t\t\t\t\t\t\t\t\n\t\t\t\t\t\t\t\t\t\t\t\t\t\t\t\t\t\t\t\t\t\t\t\n\t\t\t\t\t\t\t\t\t\t\t\n\t\t\t\t\t\t\t\t\t\t\t<div class=\"vert-center\">\n\t\t\t\t\t\t\t\t\t\t\t\t\t\n\t\t\t\t\t\t\t\t\t\t\t\t\t<h3>Oro del Mare. Nat\u00fcrliches Meersalz FEIN<\/h3> \n\t\t\t\t\t\t\t\t\t\t\t\t\t\t\t\t\t\t\t\t\t\t\t\t<\/div><!--\/vert-center-->\n\t\t\t\t\t\t\t\t\t\t\t\n\t\t\t\t\t\t\t\t\t\t<\/div>\n\t\t\t\t\t\t\t\t\t<\/div><!--work-item-->\n\t\t\t\t\t\t\t\t\t\n\t\t\t\t\t\t\t\t\t\t\t\t\t\t\t\t\n\t\t\t\t\t\t\t\t\n\t\t\t\t\t\t\t<\/div><!--\/inner-wrap-->\n\t\t\t\t\t\t<\/div><!--\/col-->\n\t\t\t\t\t\t\n\t\t\t\t\t\t\t\t\t\t\t\n\t\t\t\t\t\t\t\t\t\t\t\t\n\t\t\t\t\t\t<div class=\"col elastic-portfolio-item  element oro-del-mare-de produkte salze-und-gewuerze unsere-marken \"  data-project-cat=\"oro-del-mare-de produkte salze-und-gewuerze unsere-marken \" data-default-color=\"true\" data-title-color=\"\" data-subtitle-color=\"\">\n\t\t\t\t\t\t\t\n\t\t\t\t\t\t\t<div class=\"inner-wrap animated\" data-animation=\"none\">\n\t\t\t\t\t\t\t\t\n\t\t\t\t\t\t\t\t\t\t\t\t\t\t\t\t\t\n\t\t\t\t\t\t\t\t\t<div class=\"work-item style-2\" data-custom-content=\"off\">\n\t\t\t\t\t\t\t\t\t\t\n\t\t\t\t\t\t\t\t\t\t<img decoding=\"async\" class=\"custom-thumbnail skip-lazy\" src=\"https:\/\/manolos.org\/wp-content\/uploads\/2025\/04\/molinillo-grob.jpg\" alt=\"Oro del Mare. Nat\u00fcrliches Meersalz GROB\" \/>\t\t\t\t\t\t\t\t\t\t\n\t\t\t\t\t\t\t\t\t\t<div class=\"work-info-bg\"><\/div>\n\t\t\t\t\t\t\t\t\t\t<div class=\"work-info\">\n\t\t\t\t\t\t\t\t\t\t\t\n\t\t\t\t\t\t\t\t\t\t\t\t\t\t\t\t\t\t\t\t\t\t\t\n\t\t\t\t\t\t\t\t\t\t\t\t\n\t\t\t\t\t\t\t\t\t\t\t\t\t\t\t\t\t\t\t\t\t\t\t\t\t\n\t\t\t\t\t\t\t\t\t\t\t\t\t<a href=\"https:\/\/manolos.org\/de\/prod\/oro-del-mare-natuerliches-meersalz-grob-2\/\"><\/a>\n\t\t\t\t\t\t\t\t\t\t\t\t\t\n\t\t\t\t\t\t\t\t\t\t\t\t\t\t\t\t\t\t\t\t\t\t\t\n\t\t\t\t\t\t\t\t\t\t\t\n\t\t\t\t\t\t\t\t\t\t\t<div class=\"vert-center\">\n\t\t\t\t\t\t\t\t\t\t\t\t\t\n\t\t\t\t\t\t\t\t\t\t\t\t\t<h3>Oro del Mare. Nat\u00fcrliches Meersalz GROB<\/h3> \n\t\t\t\t\t\t\t\t\t\t\t\t\t\t\t\t\t\t\t\t\t\t\t\t<\/div><!--\/vert-center-->\n\t\t\t\t\t\t\t\t\t\t\t\n\t\t\t\t\t\t\t\t\t\t<\/div>\n\t\t\t\t\t\t\t\t\t<\/div><!--work-item-->\n\t\t\t\t\t\t\t\t\t\n\t\t\t\t\t\t\t\t\t\t\t\t\t\t\t\t\n\t\t\t\t\t\t\t\t\n\t\t\t\t\t\t\t<\/div><!--\/inner-wrap-->\n\t\t\t\t\t\t<\/div><!--\/col-->\n\t\t\t\t\t\t\n\t\t\t\t\t\t\t\t\t\t\t\n\t\t\t\t\t\t\t\t\t\t\t\t\n\t\t\t\t\t\t<div class=\"col elastic-portfolio-item  element oro-del-mare-de produkte salze-und-gewuerze unsere-marken \"  data-project-cat=\"oro-del-mare-de produkte salze-und-gewuerze unsere-marken \" data-default-color=\"true\" data-title-color=\"\" data-subtitle-color=\"\">\n\t\t\t\t\t\t\t\n\t\t\t\t\t\t\t<div class=\"inner-wrap animated\" data-animation=\"none\">\n\t\t\t\t\t\t\t\t\n\t\t\t\t\t\t\t\t\t\t\t\t\t\t\t\t\t\n\t\t\t\t\t\t\t\t\t<div class=\"work-item style-2\" data-custom-content=\"off\">\n\t\t\t\t\t\t\t\t\t\t\n\t\t\t\t\t\t\t\t\t\t<img decoding=\"async\" class=\"custom-thumbnail skip-lazy\" src=\"https:\/\/manolos.org\/wp-content\/uploads\/2025\/04\/TUBO-ORO-DEL-MARE-FEIN.jpg\" alt=\"Oro del Mare. Nat\u00fcrliches Meersalz FEIN\" \/>\t\t\t\t\t\t\t\t\t\t\n\t\t\t\t\t\t\t\t\t\t<div class=\"work-info-bg\"><\/div>\n\t\t\t\t\t\t\t\t\t\t<div class=\"work-info\">\n\t\t\t\t\t\t\t\t\t\t\t\n\t\t\t\t\t\t\t\t\t\t\t\t\t\t\t\t\t\t\t\t\t\t\t\n\t\t\t\t\t\t\t\t\t\t\t\t\n\t\t\t\t\t\t\t\t\t\t\t\t\t\t\t\t\t\t\t\t\t\t\t\t\t\n\t\t\t\t\t\t\t\t\t\t\t\t\t<a href=\"https:\/\/manolos.org\/de\/prod\/natuerliches-meersalz-fein\/\"><\/a>\n\t\t\t\t\t\t\t\t\t\t\t\t\t\n\t\t\t\t\t\t\t\t\t\t\t\t\t\t\t\t\t\t\t\t\t\t\t\n\t\t\t\t\t\t\t\t\t\t\t\n\t\t\t\t\t\t\t\t\t\t\t<div class=\"vert-center\">\n\t\t\t\t\t\t\t\t\t\t\t\t\t\n\t\t\t\t\t\t\t\t\t\t\t\t\t<h3>Oro del Mare. Nat\u00fcrliches Meersalz FEIN<\/h3> \n\t\t\t\t\t\t\t\t\t\t\t\t\t\t\t\t\t\t\t\t\t\t\t\t<\/div><!--\/vert-center-->\n\t\t\t\t\t\t\t\t\t\t\t\n\t\t\t\t\t\t\t\t\t\t<\/div>\n\t\t\t\t\t\t\t\t\t<\/div><!--work-item-->\n\t\t\t\t\t\t\t\t\t\n\t\t\t\t\t\t\t\t\t\t\t\t\t\t\t\t\n\t\t\t\t\t\t\t\t\n\t\t\t\t\t\t\t<\/div><!--\/inner-wrap-->\n\t\t\t\t\t\t<\/div><!--\/col-->\n\t\t\t\t\t\t\n\t\t\t\t\t\t\t\t\t\t\t\n\t\t\t\t\t\t\t\t\t\t\t\t\n\t\t\t\t\t\t<div class=\"col elastic-portfolio-item  element oro-del-mare-de produkte salze-und-gewuerze unsere-marken \"  data-project-cat=\"oro-del-mare-de produkte salze-und-gewuerze unsere-marken \" data-default-color=\"true\" data-title-color=\"\" data-subtitle-color=\"\">\n\t\t\t\t\t\t\t\n\t\t\t\t\t\t\t<div class=\"inner-wrap animated\" data-animation=\"none\">\n\t\t\t\t\t\t\t\t\n\t\t\t\t\t\t\t\t\t\t\t\t\t\t\t\t\t\n\t\t\t\t\t\t\t\t\t<div class=\"work-item style-2\" data-custom-content=\"off\">\n\t\t\t\t\t\t\t\t\t\t\n\t\t\t\t\t\t\t\t\t\t<img decoding=\"async\" class=\"custom-thumbnail skip-lazy\" src=\"https:\/\/manolos.org\/wp-content\/uploads\/2024\/10\/fein-1.jpg\" alt=\"Oro del Mare. Nat\u00fcrliches Meersalz FEIN\" \/>\t\t\t\t\t\t\t\t\t\t\n\t\t\t\t\t\t\t\t\t\t<div class=\"work-info-bg\"><\/div>\n\t\t\t\t\t\t\t\t\t\t<div class=\"work-info\">\n\t\t\t\t\t\t\t\t\t\t\t\n\t\t\t\t\t\t\t\t\t\t\t\t\t\t\t\t\t\t\t\t\t\t\t\n\t\t\t\t\t\t\t\t\t\t\t\t\n\t\t\t\t\t\t\t\t\t\t\t\t\t\t\t\t\t\t\t\t\t\t\t\t\t\n\t\t\t\t\t\t\t\t\t\t\t\t\t<a href=\"https:\/\/manolos.org\/de\/prod\/oro-del-mare-natuerliches-meersalz-fein\/\"><\/a>\n\t\t\t\t\t\t\t\t\t\t\t\t\t\n\t\t\t\t\t\t\t\t\t\t\t\t\t\t\t\t\t\t\t\t\t\t\t\n\t\t\t\t\t\t\t\t\t\t\t\n\t\t\t\t\t\t\t\t\t\t\t<div class=\"vert-center\">\n\t\t\t\t\t\t\t\t\t\t\t\t\t\n\t\t\t\t\t\t\t\t\t\t\t\t\t<h3>Oro del Mare. Nat\u00fcrliches Meersalz FEIN<\/h3> \n\t\t\t\t\t\t\t\t\t\t\t\t\t\t\t\t\t\t\t\t\t\t\t\t<\/div><!--\/vert-center-->\n\t\t\t\t\t\t\t\t\t\t\t\n\t\t\t\t\t\t\t\t\t\t<\/div>\n\t\t\t\t\t\t\t\t\t<\/div><!--work-item-->\n\t\t\t\t\t\t\t\t\t\n\t\t\t\t\t\t\t\t\t\t\t\t\t\t\t\t\n\t\t\t\t\t\t\t\t\n\t\t\t\t\t\t\t<\/div><!--\/inner-wrap-->\n\t\t\t\t\t\t<\/div><!--\/col-->\n\t\t\t\t\t\t\n\t\t\t\t\t\t\t\t\t\t\t\n\t\t\t\t\t\t\t\t\t\t\t\t\n\t\t\t\t\t\t<div class=\"col elastic-portfolio-item  element oro-del-mare-de produkte salze-und-gewuerze unsere-marken \"  data-project-cat=\"oro-del-mare-de produkte salze-und-gewuerze unsere-marken \" data-default-color=\"true\" data-title-color=\"\" data-subtitle-color=\"\">\n\t\t\t\t\t\t\t\n\t\t\t\t\t\t\t<div class=\"inner-wrap animated\" data-animation=\"none\">\n\t\t\t\t\t\t\t\t\n\t\t\t\t\t\t\t\t\t\t\t\t\t\t\t\t\t\n\t\t\t\t\t\t\t\t\t<div class=\"work-item style-2\" data-custom-content=\"off\">\n\t\t\t\t\t\t\t\t\t\t\n\t\t\t\t\t\t\t\t\t\t<img decoding=\"async\" class=\"custom-thumbnail skip-lazy\" src=\"https:\/\/manolos.org\/wp-content\/uploads\/2024\/10\/grob-1.jpg\" alt=\"Oro del Mare. Nat\u00fcrliches Meersalz GROB\" \/>\t\t\t\t\t\t\t\t\t\t\n\t\t\t\t\t\t\t\t\t\t<div class=\"work-info-bg\"><\/div>\n\t\t\t\t\t\t\t\t\t\t<div class=\"work-info\">\n\t\t\t\t\t\t\t\t\t\t\t\n\t\t\t\t\t\t\t\t\t\t\t\t\t\t\t\t\t\t\t\t\t\t\t\n\t\t\t\t\t\t\t\t\t\t\t\t\n\t\t\t\t\t\t\t\t\t\t\t\t\t\t\t\t\t\t\t\t\t\t\t\t\t\n\t\t\t\t\t\t\t\t\t\t\t\t\t<a href=\"https:\/\/manolos.org\/de\/prod\/oro-del-mare-natuerliches-meersalz-grob\/\"><\/a>\n\t\t\t\t\t\t\t\t\t\t\t\t\t\n\t\t\t\t\t\t\t\t\t\t\t\t\t\t\t\t\t\t\t\t\t\t\t\n\t\t\t\t\t\t\t\t\t\t\t\n\t\t\t\t\t\t\t\t\t\t\t<div class=\"vert-center\">\n\t\t\t\t\t\t\t\t\t\t\t\t\t\n\t\t\t\t\t\t\t\t\t\t\t\t\t<h3>Oro del Mare. Nat\u00fcrliches Meersalz GROB<\/h3> \n\t\t\t\t\t\t\t\t\t\t\t\t\t\t\t\t\t\t\t\t\t\t\t\t<\/div><!--\/vert-center-->\n\t\t\t\t\t\t\t\t\t\t\t\n\t\t\t\t\t\t\t\t\t\t<\/div>\n\t\t\t\t\t\t\t\t\t<\/div><!--work-item-->\n\t\t\t\t\t\t\t\t\t\n\t\t\t\t\t\t\t\t\t\t\t\t\t\t\t\t\n\t\t\t\t\t\t\t\t\n\t\t\t\t\t\t\t<\/div><!--\/inner-wrap-->\n\t\t\t\t\t\t<\/div><!--\/col-->\n\t\t\t\t\t\t\n\t\t\t\t\t\t\t\t\t\t\n\t\t\t\t<\/div><!--\/portfolio-->\n\t\t\t<\/div><!--\/portfolio wrap-->\n\t\t\t\n\t\t\t\n\t\t\t<\/div> \n\t\t<\/div>\n\t<\/div> \n<\/div><\/div>\n\t\t<div id=\"plasticbank\"  data-column-margin=\"default\" data-midnight=\"light\"  class=\"wpb_row vc_row-fluid vc_row full-width-section\"  style=\"padding-top: 75px; padding-bottom: 75px; \"><div class=\"row-bg-wrap\" data-bg-animation=\"none\" data-bg-animation-delay=\"\" data-bg-overlay=\"false\"><div class=\"inner-wrap row-bg-layer using-image\" ><div class=\"row-bg viewport-desktop using-image using-bg-color\"  style=\"background-image: url(https:\/\/manolos.org\/wp-content\/uploads\/2024\/11\/plasticbank-1.jpg); background-position: center center; background-repeat: no-repeat; background-color: #068faa; \"><\/div><\/div><\/div><div class=\"row_col_wrap_12 col span_12 light left\">\n\t<div  class=\"vc_col-sm-12 wpb_column column_container vc_column_container col no-extra-padding inherit_tablet inherit_phone \"  data-padding-pos=\"all\" data-has-bg-color=\"false\" data-bg-color=\"\" data-bg-opacity=\"1\" data-animation=\"\" data-delay=\"0\" >\n\t\t<div class=\"vc_column-inner\" >\n\t\t\t<div class=\"wpb_wrapper\">\n\t\t\t\t<div class=\"img-with-aniamtion-wrap \" data-max-width=\"100%\" data-max-width-mobile=\"default\" data-shadow=\"none\" data-animation=\"fade-in\" >\n      <div class=\"inner\">\n        <div class=\"hover-wrap\"> \n          <div class=\"hover-wrap-inner\">\n            <a href=\"https:\/\/plasticbank.com\/\" target=\"_blank\" class=\"\">\n              <img loading=\"lazy\" decoding=\"async\" class=\"img-with-animation plasticbank-logo skip-lazy\" data-delay=\"0\" height=\"100\" width=\"100\" data-animation=\"fade-in\" src=\"\" alt=\"\"  \/>\n            <\/a>\n          <\/div>\n        <\/div>\n      <\/div>\n      <\/div><h3 style=\"text-align: left\" class=\"vc_custom_heading vc_do_custom_heading\" >Unser Kooperationspartner 'Plastic Bank' k\u00e4mpft f\u00fcr eine Welt frei von Plastikabf\u00e4llen.<\/h3>\n<div class=\"wpb_text_column wpb_content_element \" >\n\t<div class=\"wpb_wrapper\">\n\t\t<p><a href=\"https:\/\/plasticbank.com\/\" target=\"_blank\" rel=\"noopener\"><strong>Plasticbank<\/strong><\/a> operiert in Entwicklungsl\u00e4ndern auf der ganzen Welt, wo die Plastikverschmutzung ein bedeutendes Problem darstellt. Es verfolgt einen einzigartigen Ansatz zur Bek\u00e4mpfung der Plastikverschmutzung, indem es ein System schafft, in dem Menschen gesammelten Plastikm\u00fcll gegen verschiedene Waren und Dienstleistungen eintauschen k\u00f6nnen.<\/p>\n<p>Dies schafft Anreize zur Sammlung von Plastikabf\u00e4llen und hilft, zu verhindern, dass sie in Ozeanen und anderen \u00d6kosystemen landen. Der gesammelte Plastik wird dann recycelt und zur Herstellung neuer Produkte verwendet.<\/p>\n\t<\/div>\n<\/div>\n\n\n\n\n\t\t\t<\/div> \n\t\t<\/div>\n\t<\/div> \n<\/div><\/div>\n","protected":false},"excerpt":{"rendered":"","protected":false},"author":1,"featured_media":0,"parent":439,"menu_order":40,"comment_status":"closed","ping_status":"closed","template":"","meta":{"footnotes":""},"class_list":["post-452","page","type-page","status-publish"],"yoast_head":"<!-- This site is optimized with the Yoast SEO plugin v26.1.1 - https:\/\/yoast.com\/wordpress\/plugins\/seo\/ -->\n<title>Oro del Mare - Manolo&#039;s Food<\/title>\n<meta name=\"robots\" content=\"index, follow, max-snippet:-1, max-image-preview:large, max-video-preview:-1\" \/>\n<link rel=\"canonical\" href=\"https:\/\/manolos.org\/de\/produkte\/oro-del-mare\/\" \/>\n<meta property=\"og:locale\" content=\"de_DE\" \/>\n<meta property=\"og:type\" content=\"article\" \/>\n<meta property=\"og:title\" content=\"Oro del Mare - Manolo&#039;s Food\" \/>\n<meta property=\"og:url\" content=\"https:\/\/manolos.org\/de\/produkte\/oro-del-mare\/\" \/>\n<meta property=\"og:site_name\" content=\"Manolo&#039;s Food\" \/>\n<meta property=\"article:publisher\" content=\"https:\/\/www.facebook.com\/andmore4you\" \/>\n<meta property=\"article:modified_time\" content=\"2024-11-19T18:00:16+00:00\" \/>\n<meta name=\"twitter:card\" content=\"summary_large_image\" \/>\n<meta name=\"twitter:label1\" content=\"Gesch\u00e4tzte Lesezeit\" \/>\n\t<meta name=\"twitter:data1\" content=\"2\u00a0Minuten\" \/>\n<script type=\"application\/ld+json\" class=\"yoast-schema-graph\">{\"@context\":\"https:\/\/schema.org\",\"@graph\":[{\"@type\":\"WebPage\",\"@id\":\"https:\/\/manolos.org\/de\/produkte\/oro-del-mare\/\",\"url\":\"https:\/\/manolos.org\/de\/produkte\/oro-del-mare\/\",\"name\":\"Oro del Mare - Manolo&#039;s Food\",\"isPartOf\":{\"@id\":\"https:\/\/manolos.org\/de\/#website\"},\"datePublished\":\"2024-03-24T12:00:15+00:00\",\"dateModified\":\"2024-11-19T18:00:16+00:00\",\"breadcrumb\":{\"@id\":\"https:\/\/manolos.org\/de\/produkte\/oro-del-mare\/#breadcrumb\"},\"inLanguage\":\"de\",\"potentialAction\":[{\"@type\":\"ReadAction\",\"target\":[\"https:\/\/manolos.org\/de\/produkte\/oro-del-mare\/\"]}]},{\"@type\":\"BreadcrumbList\",\"@id\":\"https:\/\/manolos.org\/de\/produkte\/oro-del-mare\/#breadcrumb\",\"itemListElement\":[{\"@type\":\"ListItem\",\"position\":1,\"name\":\"Portada\",\"item\":\"https:\/\/manolos.org\/de\/\"},{\"@type\":\"ListItem\",\"position\":2,\"name\":\"Produkte\",\"item\":\"https:\/\/manolos.org\/de\/produkte\/\"},{\"@type\":\"ListItem\",\"position\":3,\"name\":\"Oro del Mare\"}]},{\"@type\":\"WebSite\",\"@id\":\"https:\/\/manolos.org\/de\/#website\",\"url\":\"https:\/\/manolos.org\/de\/\",\"name\":\"Manolo's Food\",\"description\":\"\",\"publisher\":{\"@id\":\"https:\/\/manolos.org\/de\/#organization\"},\"potentialAction\":[{\"@type\":\"SearchAction\",\"target\":{\"@type\":\"EntryPoint\",\"urlTemplate\":\"https:\/\/manolos.org\/de\/?s={search_term_string}\"},\"query-input\":{\"@type\":\"PropertyValueSpecification\",\"valueRequired\":true,\"valueName\":\"search_term_string\"}}],\"inLanguage\":\"de\"},{\"@type\":\"Organization\",\"@id\":\"https:\/\/manolos.org\/de\/#organization\",\"name\":\"Manolo's Food\",\"url\":\"https:\/\/manolos.org\/de\/\",\"logo\":{\"@type\":\"ImageObject\",\"inLanguage\":\"de\",\"@id\":\"https:\/\/manolos.org\/de\/#\/schema\/logo\/image\/\",\"url\":\"https:\/\/manolos.org\/wp-content\/uploads\/2024\/10\/logo-manolo-2.png\",\"contentUrl\":\"https:\/\/manolos.org\/wp-content\/uploads\/2024\/10\/logo-manolo-2.png\",\"width\":287,\"height\":175,\"caption\":\"Manolo's Food\"},\"image\":{\"@id\":\"https:\/\/manolos.org\/de\/#\/schema\/logo\/image\/\"},\"sameAs\":[\"https:\/\/www.facebook.com\/andmore4you\",\"https:\/\/www.youtube.com\/andmore4you\"]}]}<\/script>\n<!-- \/ Yoast SEO plugin. -->","yoast_head_json":{"title":"Oro del Mare - Manolo&#039;s Food","robots":{"index":"index","follow":"follow","max-snippet":"max-snippet:-1","max-image-preview":"max-image-preview:large","max-video-preview":"max-video-preview:-1"},"canonical":"https:\/\/manolos.org\/de\/produkte\/oro-del-mare\/","og_locale":"de_DE","og_type":"article","og_title":"Oro del Mare - Manolo&#039;s Food","og_url":"https:\/\/manolos.org\/de\/produkte\/oro-del-mare\/","og_site_name":"Manolo&#039;s Food","article_publisher":"https:\/\/www.facebook.com\/andmore4you","article_modified_time":"2024-11-19T18:00:16+00:00","twitter_card":"summary_large_image","twitter_misc":{"Gesch\u00e4tzte Lesezeit":"2\u00a0Minuten"},"schema":{"@context":"https:\/\/schema.org","@graph":[{"@type":"WebPage","@id":"https:\/\/manolos.org\/de\/produkte\/oro-del-mare\/","url":"https:\/\/manolos.org\/de\/produkte\/oro-del-mare\/","name":"Oro del Mare - Manolo&#039;s Food","isPartOf":{"@id":"https:\/\/manolos.org\/de\/#website"},"datePublished":"2024-03-24T12:00:15+00:00","dateModified":"2024-11-19T18:00:16+00:00","breadcrumb":{"@id":"https:\/\/manolos.org\/de\/produkte\/oro-del-mare\/#breadcrumb"},"inLanguage":"de","potentialAction":[{"@type":"ReadAction","target":["https:\/\/manolos.org\/de\/produkte\/oro-del-mare\/"]}]},{"@type":"BreadcrumbList","@id":"https:\/\/manolos.org\/de\/produkte\/oro-del-mare\/#breadcrumb","itemListElement":[{"@type":"ListItem","position":1,"name":"Portada","item":"https:\/\/manolos.org\/de\/"},{"@type":"ListItem","position":2,"name":"Produkte","item":"https:\/\/manolos.org\/de\/produkte\/"},{"@type":"ListItem","position":3,"name":"Oro del Mare"}]},{"@type":"WebSite","@id":"https:\/\/manolos.org\/de\/#website","url":"https:\/\/manolos.org\/de\/","name":"Manolo's Food","description":"","publisher":{"@id":"https:\/\/manolos.org\/de\/#organization"},"potentialAction":[{"@type":"SearchAction","target":{"@type":"EntryPoint","urlTemplate":"https:\/\/manolos.org\/de\/?s={search_term_string}"},"query-input":{"@type":"PropertyValueSpecification","valueRequired":true,"valueName":"search_term_string"}}],"inLanguage":"de"},{"@type":"Organization","@id":"https:\/\/manolos.org\/de\/#organization","name":"Manolo's Food","url":"https:\/\/manolos.org\/de\/","logo":{"@type":"ImageObject","inLanguage":"de","@id":"https:\/\/manolos.org\/de\/#\/schema\/logo\/image\/","url":"https:\/\/manolos.org\/wp-content\/uploads\/2024\/10\/logo-manolo-2.png","contentUrl":"https:\/\/manolos.org\/wp-content\/uploads\/2024\/10\/logo-manolo-2.png","width":287,"height":175,"caption":"Manolo's Food"},"image":{"@id":"https:\/\/manolos.org\/de\/#\/schema\/logo\/image\/"},"sameAs":["https:\/\/www.facebook.com\/andmore4you","https:\/\/www.youtube.com\/andmore4you"]}]}},"_links":{"self":[{"href":"https:\/\/manolos.org\/de\/wp-json\/wp\/v2\/pages\/452","targetHints":{"allow":["GET"]}}],"collection":[{"href":"https:\/\/manolos.org\/de\/wp-json\/wp\/v2\/pages"}],"about":[{"href":"https:\/\/manolos.org\/de\/wp-json\/wp\/v2\/types\/page"}],"author":[{"embeddable":true,"href":"https:\/\/manolos.org\/de\/wp-json\/wp\/v2\/users\/1"}],"replies":[{"embeddable":true,"href":"https:\/\/manolos.org\/de\/wp-json\/wp\/v2\/comments?post=452"}],"version-history":[{"count":4,"href":"https:\/\/manolos.org\/de\/wp-json\/wp\/v2\/pages\/452\/revisions"}],"predecessor-version":[{"id":3089,"href":"https:\/\/manolos.org\/de\/wp-json\/wp\/v2\/pages\/452\/revisions\/3089"}],"up":[{"embeddable":true,"href":"https:\/\/manolos.org\/de\/wp-json\/wp\/v2\/pages\/439"}],"wp:attachment":[{"href":"https:\/\/manolos.org\/de\/wp-json\/wp\/v2\/media?parent=452"}],"curies":[{"name":"wp","href":"https:\/\/api.w.org\/{rel}","templated":true}]}}