{"id":477,"date":"2023-07-17T09:48:36","date_gmt":"2023-07-17T07:48:36","guid":{"rendered":"https:\/\/manolos.org\/contacto\/"},"modified":"2024-10-17T11:58:35","modified_gmt":"2024-10-17T09:58:35","slug":"kontakt","status":"publish","type":"page","link":"https:\/\/manolos.org\/de\/kontakt\/","title":{"rendered":"Kontakt"},"content":{"rendered":"\n\t\t<div id=\"nosotros-descripcion\"  data-column-margin=\"default\" data-midnight=\"dark\"  class=\"wpb_row vc_row-fluid vc_row vc_row-o-equal-height vc_row-flex  bottom_margin_0px\"  style=\"padding-top: 75px; padding-bottom: 25px; \"><div class=\"row-bg-wrap\" data-bg-animation=\"none\" data-bg-animation-delay=\"\" data-bg-overlay=\"false\"><div class=\"inner-wrap row-bg-layer\" ><div class=\"row-bg viewport-desktop\"  style=\"\"><\/div><\/div><\/div><div class=\"row_col_wrap_12 col span_12 dark left\">\n\t<div  class=\"vc_col-sm-12 wpb_column column_container vc_column_container col no-extra-padding inherit_tablet inherit_phone \"  data-padding-pos=\"all\" data-has-bg-color=\"false\" data-bg-color=\"\" data-bg-opacity=\"1\" data-animation=\"\" data-delay=\"0\" >\n\t\t<div class=\"vc_column-inner\" >\n\t\t\t<div class=\"wpb_wrapper\">\n\t\t\t\t\n<div class=\"wpb_text_column wpb_content_element \" >\n\t<div class=\"wpb_wrapper\">\n\t\t<h2>Kontakt<\/h2>\n\t<\/div>\n<\/div>\n\n\n\n\n\t\t\t<\/div> \n\t\t<\/div>\n\t<\/div> \n<\/div><\/div>\n\t\t<div id=\"nosotros-descripcion\"  data-column-margin=\"default\" data-midnight=\"dark\"  class=\"wpb_row vc_row-fluid vc_row vc_row-o-equal-height vc_row-flex  bottom_margin_0px\"  style=\"padding-top: 0px; padding-bottom: 75px; \"><div class=\"row-bg-wrap\" data-bg-animation=\"none\" data-bg-animation-delay=\"\" data-bg-overlay=\"false\"><div class=\"inner-wrap row-bg-layer\" ><div class=\"row-bg viewport-desktop\"  style=\"\"><\/div><\/div><\/div><div class=\"row_col_wrap_12 col span_12 dark left\">\n\t<div  class=\"vc_col-sm-4 wpb_column column_container vc_column_container col no-extra-padding inherit_tablet inherit_phone \"  data-padding-pos=\"all\" data-has-bg-color=\"false\" data-bg-color=\"\" data-bg-opacity=\"1\" data-animation=\"\" data-delay=\"0\" >\n\t\t<div class=\"vc_column-inner\" >\n\t\t\t<div class=\"wpb_wrapper\">\n\t\t\t\t\n<div class=\"wpb_text_column wpb_content_element  contacto-text-col\" >\n\t<div class=\"wpb_wrapper\">\n\t\t<h6><strong>Hauptvertriebsb\u00fcro<\/strong><\/h6>\n<p>Heinrich Haubner Str. 11<br \/>\n5020 Salzburg. \u00d6sterreich<\/p>\n\t<\/div>\n<\/div>\n\n\n\n\n\t\t\t<\/div> \n\t\t<\/div>\n\t<\/div> \n\n\t<div  class=\"vc_col-sm-4 wpb_column column_container vc_column_container col no-extra-padding inherit_tablet inherit_phone \"  data-padding-pos=\"all\" data-has-bg-color=\"false\" data-bg-color=\"\" data-bg-opacity=\"1\" data-animation=\"\" data-delay=\"0\" >\n\t\t<div class=\"vc_column-inner\" >\n\t\t\t<div class=\"wpb_wrapper\">\n\t\t\t\t\n<div class=\"wpb_text_column wpb_content_element  contacto-text-col\" >\n\t<div class=\"wpb_wrapper\">\n\t\t<h6><strong>Vertriebsb\u00fcro Deutschland<\/strong><\/h6>\n<p>M\u00fclheim an der Ruhr<br \/>\nEching (M\u00fcnchen)<br \/>\nPirna (Dresden)<\/p>\n<h6><strong>Lager EU<\/strong><\/h6>\n<p>Michael Walz Gasse 18\u00aa<br \/>\n5020 Salzburg. \u00d6sterreich<\/p>\n\t<\/div>\n<\/div>\n\n\n\n\n\t\t\t<\/div> \n\t\t<\/div>\n\t<\/div> \n\n\t<div  class=\"vc_col-sm-4 wpb_column column_container vc_column_container col no-extra-padding inherit_tablet inherit_phone \"  data-padding-pos=\"all\" data-has-bg-color=\"false\" data-bg-color=\"\" data-bg-opacity=\"1\" data-animation=\"\" data-delay=\"0\" >\n\t\t<div class=\"vc_column-inner\" >\n\t\t\t<div class=\"wpb_wrapper\">\n\t\t\t\t\n<div class=\"wpb_text_column wpb_content_element  contacto-text-col\" >\n\t<div class=\"wpb_wrapper\">\n\t\t<h6><strong>Produktionsst\u00e4tten und Zentrallager<\/strong><\/h6>\n<p>Fernando Pessoa, 54-64<br \/>\nBarcelona, 08030. Spanien<\/p>\n<p>Tel.\u00a0<a href=\"tel:+43662840280\">+43 662 840 280<\/a><br \/>\nFax +43 662 847 356<br \/>\ne-mail:\u00a0<a href=\"mailto:info@manolos.org\">info@manolos.org<\/a><\/p>\n\t<\/div>\n<\/div>\n\n\n\n\n\t\t\t<\/div> \n\t\t<\/div>\n\t<\/div> \n<\/div><\/div>\n","protected":false},"excerpt":{"rendered":"Kontakt Hauptvertriebsb\u00fcro Heinrich Haubner Str. 11 5020 Salzburg. \u00d6sterreich Vertriebsb\u00fcro Deutschland M\u00fclheim an der Ruhr Eching (M\u00fcnchen) Pirna (Dresden) Lager EU Michael Walz Gasse 18\u00aa 5020 Salzburg. \u00d6sterreich Produktionsst\u00e4tten und...","protected":false},"author":1,"featured_media":0,"parent":0,"menu_order":80,"comment_status":"closed","ping_status":"closed","template":"","meta":{"footnotes":""},"class_list":["post-477","page","type-page","status-publish"],"yoast_head":"<!-- This site is optimized with the Yoast SEO plugin v26.1.1 - https:\/\/yoast.com\/wordpress\/plugins\/seo\/ -->\n<title>Kontakt - Manolo&#039;s Food<\/title>\n<meta name=\"robots\" content=\"index, follow, max-snippet:-1, max-image-preview:large, max-video-preview:-1\" \/>\n<link rel=\"canonical\" href=\"https:\/\/manolos.org\/de\/kontakt\/\" \/>\n<meta property=\"og:locale\" content=\"de_DE\" \/>\n<meta property=\"og:type\" content=\"article\" \/>\n<meta property=\"og:title\" content=\"Kontakt - Manolo&#039;s Food\" \/>\n<meta property=\"og:url\" content=\"https:\/\/manolos.org\/de\/kontakt\/\" \/>\n<meta property=\"og:site_name\" content=\"Manolo&#039;s Food\" \/>\n<meta property=\"article:publisher\" content=\"https:\/\/www.facebook.com\/andmore4you\" \/>\n<meta property=\"article:modified_time\" content=\"2024-10-17T09:58:35+00:00\" \/>\n<meta name=\"twitter:card\" content=\"summary_large_image\" \/>\n<meta name=\"twitter:label1\" content=\"Gesch\u00e4tzte Lesezeit\" \/>\n\t<meta name=\"twitter:data1\" content=\"1\u00a0Minute\" \/>\n<script type=\"application\/ld+json\" class=\"yoast-schema-graph\">{\"@context\":\"https:\/\/schema.org\",\"@graph\":[{\"@type\":\"WebPage\",\"@id\":\"https:\/\/manolos.org\/de\/kontakt\/\",\"url\":\"https:\/\/manolos.org\/de\/kontakt\/\",\"name\":\"Kontakt - Manolo&#039;s Food\",\"isPartOf\":{\"@id\":\"https:\/\/manolos.org\/de\/#website\"},\"datePublished\":\"2023-07-17T07:48:36+00:00\",\"dateModified\":\"2024-10-17T09:58:35+00:00\",\"breadcrumb\":{\"@id\":\"https:\/\/manolos.org\/de\/kontakt\/#breadcrumb\"},\"inLanguage\":\"de\",\"potentialAction\":[{\"@type\":\"ReadAction\",\"target\":[\"https:\/\/manolos.org\/de\/kontakt\/\"]}]},{\"@type\":\"BreadcrumbList\",\"@id\":\"https:\/\/manolos.org\/de\/kontakt\/#breadcrumb\",\"itemListElement\":[{\"@type\":\"ListItem\",\"position\":1,\"name\":\"Portada\",\"item\":\"https:\/\/manolos.org\/de\/\"},{\"@type\":\"ListItem\",\"position\":2,\"name\":\"Kontakt\"}]},{\"@type\":\"WebSite\",\"@id\":\"https:\/\/manolos.org\/de\/#website\",\"url\":\"https:\/\/manolos.org\/de\/\",\"name\":\"Manolo's Food\",\"description\":\"\",\"publisher\":{\"@id\":\"https:\/\/manolos.org\/de\/#organization\"},\"potentialAction\":[{\"@type\":\"SearchAction\",\"target\":{\"@type\":\"EntryPoint\",\"urlTemplate\":\"https:\/\/manolos.org\/de\/?s={search_term_string}\"},\"query-input\":{\"@type\":\"PropertyValueSpecification\",\"valueRequired\":true,\"valueName\":\"search_term_string\"}}],\"inLanguage\":\"de\"},{\"@type\":\"Organization\",\"@id\":\"https:\/\/manolos.org\/de\/#organization\",\"name\":\"Manolo's Food\",\"url\":\"https:\/\/manolos.org\/de\/\",\"logo\":{\"@type\":\"ImageObject\",\"inLanguage\":\"de\",\"@id\":\"https:\/\/manolos.org\/de\/#\/schema\/logo\/image\/\",\"url\":\"https:\/\/manolos.org\/wp-content\/uploads\/2024\/10\/logo-manolo-2.png\",\"contentUrl\":\"https:\/\/manolos.org\/wp-content\/uploads\/2024\/10\/logo-manolo-2.png\",\"width\":287,\"height\":175,\"caption\":\"Manolo's Food\"},\"image\":{\"@id\":\"https:\/\/manolos.org\/de\/#\/schema\/logo\/image\/\"},\"sameAs\":[\"https:\/\/www.facebook.com\/andmore4you\",\"https:\/\/www.youtube.com\/andmore4you\"]}]}<\/script>\n<!-- \/ Yoast SEO plugin. -->","yoast_head_json":{"title":"Kontakt - Manolo&#039;s Food","robots":{"index":"index","follow":"follow","max-snippet":"max-snippet:-1","max-image-preview":"max-image-preview:large","max-video-preview":"max-video-preview:-1"},"canonical":"https:\/\/manolos.org\/de\/kontakt\/","og_locale":"de_DE","og_type":"article","og_title":"Kontakt - Manolo&#039;s Food","og_url":"https:\/\/manolos.org\/de\/kontakt\/","og_site_name":"Manolo&#039;s Food","article_publisher":"https:\/\/www.facebook.com\/andmore4you","article_modified_time":"2024-10-17T09:58:35+00:00","twitter_card":"summary_large_image","twitter_misc":{"Gesch\u00e4tzte Lesezeit":"1\u00a0Minute"},"schema":{"@context":"https:\/\/schema.org","@graph":[{"@type":"WebPage","@id":"https:\/\/manolos.org\/de\/kontakt\/","url":"https:\/\/manolos.org\/de\/kontakt\/","name":"Kontakt - Manolo&#039;s Food","isPartOf":{"@id":"https:\/\/manolos.org\/de\/#website"},"datePublished":"2023-07-17T07:48:36+00:00","dateModified":"2024-10-17T09:58:35+00:00","breadcrumb":{"@id":"https:\/\/manolos.org\/de\/kontakt\/#breadcrumb"},"inLanguage":"de","potentialAction":[{"@type":"ReadAction","target":["https:\/\/manolos.org\/de\/kontakt\/"]}]},{"@type":"BreadcrumbList","@id":"https:\/\/manolos.org\/de\/kontakt\/#breadcrumb","itemListElement":[{"@type":"ListItem","position":1,"name":"Portada","item":"https:\/\/manolos.org\/de\/"},{"@type":"ListItem","position":2,"name":"Kontakt"}]},{"@type":"WebSite","@id":"https:\/\/manolos.org\/de\/#website","url":"https:\/\/manolos.org\/de\/","name":"Manolo's Food","description":"","publisher":{"@id":"https:\/\/manolos.org\/de\/#organization"},"potentialAction":[{"@type":"SearchAction","target":{"@type":"EntryPoint","urlTemplate":"https:\/\/manolos.org\/de\/?s={search_term_string}"},"query-input":{"@type":"PropertyValueSpecification","valueRequired":true,"valueName":"search_term_string"}}],"inLanguage":"de"},{"@type":"Organization","@id":"https:\/\/manolos.org\/de\/#organization","name":"Manolo's Food","url":"https:\/\/manolos.org\/de\/","logo":{"@type":"ImageObject","inLanguage":"de","@id":"https:\/\/manolos.org\/de\/#\/schema\/logo\/image\/","url":"https:\/\/manolos.org\/wp-content\/uploads\/2024\/10\/logo-manolo-2.png","contentUrl":"https:\/\/manolos.org\/wp-content\/uploads\/2024\/10\/logo-manolo-2.png","width":287,"height":175,"caption":"Manolo's Food"},"image":{"@id":"https:\/\/manolos.org\/de\/#\/schema\/logo\/image\/"},"sameAs":["https:\/\/www.facebook.com\/andmore4you","https:\/\/www.youtube.com\/andmore4you"]}]}},"_links":{"self":[{"href":"https:\/\/manolos.org\/de\/wp-json\/wp\/v2\/pages\/477","targetHints":{"allow":["GET"]}}],"collection":[{"href":"https:\/\/manolos.org\/de\/wp-json\/wp\/v2\/pages"}],"about":[{"href":"https:\/\/manolos.org\/de\/wp-json\/wp\/v2\/types\/page"}],"author":[{"embeddable":true,"href":"https:\/\/manolos.org\/de\/wp-json\/wp\/v2\/users\/1"}],"replies":[{"embeddable":true,"href":"https:\/\/manolos.org\/de\/wp-json\/wp\/v2\/comments?post=477"}],"version-history":[{"count":1,"href":"https:\/\/manolos.org\/de\/wp-json\/wp\/v2\/pages\/477\/revisions"}],"predecessor-version":[{"id":516,"href":"https:\/\/manolos.org\/de\/wp-json\/wp\/v2\/pages\/477\/revisions\/516"}],"wp:attachment":[{"href":"https:\/\/manolos.org\/de\/wp-json\/wp\/v2\/media?parent=477"}],"curies":[{"name":"wp","href":"https:\/\/api.w.org\/{rel}","templated":true}]}}