{"id":481,"date":"2023-07-17T09:50:05","date_gmt":"2023-07-17T07:50:05","guid":{"rendered":"https:\/\/manolos.org\/aviso-legal\/"},"modified":"2024-11-18T20:26:36","modified_gmt":"2024-11-18T19:26:36","slug":"impressum","status":"publish","type":"page","link":"https:\/\/manolos.org\/de\/impressum\/","title":{"rendered":"Impressum"},"content":{"rendered":"\n\t\t<div id=\"fws_69f3725779c1d\"  data-column-margin=\"default\" data-midnight=\"dark\"  class=\"wpb_row vc_row-fluid vc_row full-width-section dades-avis\"  style=\"padding-top: 50px; padding-bottom: 50px; \"><div class=\"row-bg-wrap\" data-bg-animation=\"none\" data-bg-animation-delay=\"\" data-bg-overlay=\"false\"><div class=\"inner-wrap row-bg-layer\" ><div class=\"row-bg viewport-desktop using-bg-color\"  style=\"background-color: #ffffff; \"><\/div><\/div><\/div><div class=\"row_col_wrap_12 col span_12 dark left\">\n\t<div  class=\"vc_col-sm-4 wpb_column column_container vc_column_container col no-extra-padding inherit_tablet inherit_phone \"  data-padding-pos=\"all\" data-has-bg-color=\"false\" data-bg-color=\"\" data-bg-opacity=\"1\" data-animation=\"\" data-delay=\"0\" >\n\t\t<div class=\"vc_column-inner\" >\n\t\t\t<div class=\"wpb_wrapper\">\n\t\t\t\t\n<div class=\"wpb_text_column wpb_content_element \" >\n\t<div class=\"wpb_wrapper\">\n\t\t<h6>MANOLO\u00b4S FOOD GMBH<\/h6>\n<p>Heinrich-Haubner-Str. 11<br \/>\n5020 Salzburg<br \/>\nAustria<\/p>\n<p>Tel. +43 662 840280<br \/>\nFax +43 662 847356<br \/>\ne-mail:\u00a0<a href=\"mailto:info@manolos.org\">info@manolos.org<\/a><\/p>\n\t<\/div>\n<\/div>\n\n\n\n\n\t\t\t<\/div> \n\t\t<\/div>\n\t<\/div> \n\n\t<div  class=\"vc_col-sm-4 wpb_column column_container vc_column_container col no-extra-padding inherit_tablet inherit_phone \"  data-padding-pos=\"all\" data-has-bg-color=\"false\" data-bg-color=\"\" data-bg-opacity=\"1\" data-animation=\"\" data-delay=\"0\" >\n\t\t<div class=\"vc_column-inner\" >\n\t\t\t<div class=\"wpb_wrapper\">\n\t\t\t\t\n<div class=\"wpb_text_column wpb_content_element \" >\n\t<div class=\"wpb_wrapper\">\n\t\t<p>GLN: <strong>912 004 647 000 9<\/strong><br \/>\nARA: <strong>167 29<\/strong><br \/>\nDSD: <strong>555 3130<\/strong><br \/>\nTrade contr. by <strong>AT-BIO-501<\/strong><\/p>\n<p>UID-Nummer: <strong>A TU64563902<\/strong><br \/>\nFirmenbuchnummer: <strong>Fn 320289 p<\/strong><br \/>\nLandesgericht: <strong>Salzburg<\/strong><br \/>\nAufsichtsbeh\u00f6rde: <strong>Magistrat Salzburg<\/strong><br \/>\nKammer: <strong>Mitgliedschaft der Wirtschaftskammer Salzburg<\/strong><\/p>\n\t<\/div>\n<\/div>\n\n\n\n<div class=\"img-with-aniamtion-wrap  custom-width-169px \" data-max-width=\"custom\" data-max-width-mobile=\"default\" data-shadow=\"none\" data-animation=\"none\" >\n      <div class=\"inner\">\n        <div class=\"hover-wrap\"> \n          <div class=\"hover-wrap-inner\">\n            <a href=\"https:\/\/firmen.wko.at\/manolo%27s-food-gmbh-manolo%27s\/salzburg\/?firmaid=71999dcd-ae67-4a5e-9915-6e09335ca63d&#038;standortid=0\" target=\"_blank\" class=\"\">\n              <img loading=\"lazy\" decoding=\"async\" class=\"img-with-animation skip-lazy\" data-delay=\"0\" height=\"23\" width=\"169\" data-animation=\"none\" src=\"https:\/\/manolos.org\/wp-content\/uploads\/2024\/11\/wko_ecg.gif\" alt=\"\"  \/>\n            <\/a>\n          <\/div>\n        <\/div>\n      <\/div>\n      <\/div>\n\t\t\t<\/div> \n\t\t<\/div>\n\t<\/div> \n\n\t<div  class=\"vc_col-sm-4 wpb_column column_container vc_column_container col no-extra-padding inherit_tablet inherit_phone \"  data-padding-pos=\"all\" data-has-bg-color=\"false\" data-bg-color=\"\" data-bg-opacity=\"1\" data-animation=\"\" data-delay=\"0\" >\n\t\t<div class=\"vc_column-inner\" >\n\t\t\t<div class=\"wpb_wrapper\">\n\t\t\t\t\n<div class=\"wpb_text_column wpb_content_element \" >\n\t<div class=\"wpb_wrapper\">\n\t\t<p>Website Design:\u00a0<strong><a href=\"http:\/\/www.gomaestudi.com\/\" target=\"_blank\" rel=\"noopener noreferrer\">Goma estudi<\/a><\/strong><br \/>\nWebsite Programmierung:\u00a0<strong><a href=\"http:\/\/www.gomaestudi.com\/\" target=\"_blank\" rel=\"noopener noreferrer\">Goma estudi<\/a><\/strong><\/p>\n<p>Logo Designo:\u00a0<strong><a href=\"http:\/\/www.d-seven.at\/\" target=\"_blank\" rel=\"noopener noreferrer\">D-SEVEN \u2013 Mundorff &amp; W\u00f6rg\u00f6tter Werbeagentur, OEG<\/a><\/strong><\/p>\n<p>Photos:\u00a0<a href=\"http:\/\/www.eisenhut-mayer.com\/\" target=\"_blank\" rel=\"noopener noreferrer\">E &amp; M Fotostudio (Eisenhut &amp; Mayer)<\/a><\/p>\n<p>Alle Produkt- und Speisefotos sind urheberrechtlich gesch\u00fctzt.<\/p>\n\t<\/div>\n<\/div>\n\n\n\n\n\t\t\t<\/div> \n\t\t<\/div>\n\t<\/div> \n<\/div><\/div>\n\t\t<div id=\"fws_69f372577d9eb\"  data-column-margin=\"default\" data-midnight=\"dark\"  class=\"wpb_row vc_row-fluid vc_row  bottom_margin_0px\"  style=\"padding-top: 50px; padding-bottom: 50px; \"><div class=\"row-bg-wrap\" data-bg-animation=\"none\" data-bg-animation-delay=\"\" data-bg-overlay=\"false\"><div class=\"inner-wrap row-bg-layer\" ><div class=\"row-bg viewport-desktop\"  style=\"\"><\/div><\/div><\/div><div class=\"row_col_wrap_12 col span_12 dark left\">\n\t<div  class=\"vc_col-sm-12 wpb_column column_container vc_column_container col no-extra-padding inherit_tablet inherit_phone \"  data-padding-pos=\"all\" data-has-bg-color=\"false\" data-bg-color=\"\" data-bg-opacity=\"1\" data-animation=\"\" data-delay=\"0\" >\n\t\t<div class=\"vc_column-inner\" >\n\t\t\t<div class=\"wpb_wrapper\">\n\t\t\t\t\n<div class=\"wpb_text_column wpb_content_element  dos-columnes\" >\n\t<div class=\"wpb_wrapper\">\n\t\t<h5>Google Analytics<\/h5>\n<p>Diese Website verwendet Google Analytics, einen Webanalysedienst von Google Inc. Google Analytics verwendet \u201eCookies\u201c, Textdateien, die auf Ihrem Computer gespeichert werden und die eine Analyse der Nutzung dieser Website erm\u00f6glicht. Diese Informationen betr. Nutzung dieser Website wird an einen Server der Google in den USA \u00fcbertragen und dort gespeichert. Google verwendet diese Informationen, um Ihre Nutzung der Website auszuwerten. Google \u00fcbertr\u00e4gt diese Informationen gegebenenfalls an Dritte, sofern dies gesetzlich vorgeschrieben oder soweit Dritte diese Daten im Auftrag von Google verarbeiten. Google wird in keinem Fall Ihre IP-Adresse (Ihren individuellen Internet Zugang) mit anderen Daten von Google in Verbindung bringen. Sie k\u00f6nnen die Installation der Cookies durch eine entsprechende Einstellung Ihrer Browser Software verhindern; wir weisen Sie jedoch darauf hin, dass Sie in diesem Fall gegebenenfalls nicht s\u00e4mtliche Funktionen dieser Website voll umf\u00e4nglich nutzen k\u00f6nnen. Durch die Nutzung dieser Website erkl\u00e4ren Sie sich mit der Bearbeitung der \u00fcber Sie erhobenen Daten durch Google in der zuvor beschriebenen Art und Weise und zu dem zuvor benannten Zweck einverstanden.<\/p>\n<h5><strong>Dauer der G\u00fcltigkeit<\/strong><\/h5>\n<p>Zugriff auf die Website von <strong>Manolo\u00b4s Food GmbH<\/strong> und selbst die Informationen \u00fcber einer ihrer Dienstleistungen hat zufolge die Zustimmung rechtlichen Hinweise im Impressum. Ebenso ist die in diesen Seiten enthaltenen Informationen die G\u00fcltige nach der durchgef\u00fchrten Aktualisierung. Jedoch sind die Informationen die auf dieser Website zu finden sind nur als Hinweise und in keiner Weise verbindlich.<\/p>\n<h5><strong>Gewerbliches &amp; Geistiges Eigentum<\/strong><\/h5>\n<p>Der Inhalt dieser Website ist durch das Gesetz vom gewerbliches und geistiges Eigentum gesch\u00fctzt. Daher sind die Inhalte, Schriftart, Form, Design, Seiten, Marken, Handelsnamen, Logos und Bezeichnung der Produkte, Anwendungen und Tools von <strong>Manolo&#8217;s Food GmbH<\/strong> und deren Verbreitung, Ver\u00e4nderung, \u00dcbertragung, Wiedergabe oder jeder Code muss ausdr\u00fccklich von <strong>Manolo&#8217;s Food GmbH<\/strong> genehmeigt werden. Es ist zu beachten, dass ein Versto\u00df gegen die Vorschriften zum Schutz gewerblichem oder geistigem Eigentum, gegebenenfalls zus\u00e4tzlich zu der m\u00f6glichen finanziellen Verantwortung auch strafrechtliche Verantwortung mittragen kann.<\/p>\n<h5><strong>Verantwortlichkeiten<\/strong><\/h5>\n<p>Die in dieser Website enthaltenen Informationen entsprechen dem aktuellen Stand zum Zeitpunkt der letzten Aktualisierung und stellt keine vertragliche Verpflichtung zur <strong>Manolo\u00b4s Food GmbH<\/strong> dar, sondern wird zur Information ausgesetzt und stellt weder ein Angebot zum Kauf oder Verkauf von Produkten oder eine Dienstleistung dar.<\/p>\n<p><strong>Manolo\u2019s Food GmbH<\/strong> lehnt jegliche Haftung, die aus den Missbrauch der Inhalte seiner Website ab und beh\u00e4lt sich Recht vor, zu aktualisieren, zu l\u00f6schen oder den Zugang zu verhindern, entweder vor\u00fcbergehend oder dauerhaft ohne Vorank\u00fcndigung. Ist auch nicht verantwortlich f\u00fcr Informationen, die nicht direkt von der Firma hergestellt und verweigert insbesondere eine Haftung f\u00fcr den Inhalt von Web-Seiten, die \u00fcber Links erreicht werden.<\/p>\n<p>Auch ist <strong>Manolo\u00b4s Food GmbH<\/strong> nicht f\u00fcr m\u00f6gliche Sicherheitsfehler, die durch den Einsatz von Computern mit Computerviren oder f\u00fcr die Folgen von Fehlfunktionen des Browsers auftreten k\u00f6nnen, oder durch die Verwendung von veralteten, nicht aktualisierte Versionen, verantwortlich.<\/p>\n<h5><strong>Datenschutzregelung<\/strong><\/h5>\n<p>Es wird den Nutzer der Website, in \u00dcbereinstimmung und Erf\u00fcllung mit den geltenden Rechtsvorschriften \u00fcber den Datenschutzbestimmungen, personenbezogener Daten, aufmerksam gemacht, dass pers\u00f6nliche Daten f\u00fcr die von der Web-Seite verlangten Informationen und Service von <strong>Manolo\u00b4s Food<\/strong> notwendig sind, ausdr\u00fccklich freiwillig zur Verf\u00fcgung gestellt werden.<\/p>\n<p><strong>Der Benutzer muss das Formular mit richtige, genaue, vollst\u00e4ndige und aktuelle Daten ausf\u00fcllen<br \/>\nManolo\u00b4s Food GmbH<\/strong> hat die Sicherheitsstufen zum Schutz personenbezogener Daten durch die aktuelle Gesetzgebung zum Datenschutz, durch die Installation der technischen und organisatorischen Ma\u00dfnahmen, um den Verlust, Missbrauch, Ver\u00e4nderung, Zugang oder autorisierte und andere m\u00f6gliche Risiken zu vermeiden, durchgef\u00fchrt. <strong>Manolo\u00b4s Food GmbH<\/strong> verpflichtet sich ferner, die Verpflichtung zur Geheim Bezug auf die in der automatisierten Datei enthaltenen Daten, in der geltenden Datenschutzvorschriften zu erf\u00fcllen.<\/p>\n<p>Die Registrierung der pers\u00f6nlichen Daten im Falle des Abonnierens \u00fcber ein daf\u00fcr vorgesehenes Formular impliziert freiwillige Annahme von seiner Seite aus in Bezug auf die Verarbeitung personenbezogener Daten durch <strong>Manolo\u00b4s Food GmbH<\/strong> und ihrer Konzernunternehmen, wie in der Web beschrieben ist, um Ihnen Produkte und Dienstleistungen, die Sie <strong>Manolo\u00b4s Food GmbH<\/strong> angefordert haben mit dem Ziel Ihnen diese Informationen an den Unternehmenszweck des Unternehmens zu Themen, die von Interesse sein k\u00f6nnten zu senden.<\/p>\n<p>In jedem Fall ist der Benutzer oder die ihn vertretende Person jederzeit im Recht auf Auskunft, Berichtigung, L\u00f6schung und Widerspruch gegebenenfalls im Einklang mit den Bestimmungen des Organgesetzes \u00fcber den Schutz von personenbezogenen Daten und anderen anwendbaren Vorschriften, durch die \u00dcbermittlung einer schriftlichen Mitteilung an den Verantwortlichen, <strong>Manolo\u00b4s Food GmbH<\/strong> in der Heinrich-Haubner-Str. 11, 5020 Salzburg (\u00d6sterreich), in dem die Identit\u00e4t des Benutzers hergestellt wird, oder kontaktieren Sie per E-Mail an: <strong>info@manolos.org<\/strong><\/p>\n<p><strong>Manolo\u2019s Food GMBH<\/strong>. Alle Rechte vorbehalten.<\/p>\n<h5><strong>Datenschutz<\/strong><\/h5>\n<p>In \u00dcbereinstimmung mit den Bestimmungen des Artikels 5 des Organgesetzes 15\/99 vom 13. Dezember \u00fcber personenbezogener Datenschutz, informieren wir Sie, dass Ihre pers\u00f6nlichen Daten, Teil einer Datei sind, wo das Unternehmen <strong>Manolo\u00b4s Food GmbH<\/strong> verantwortlich ist.<\/p>\n<p>Die Verarbeitung der Daten soll das Ziel haben, Ihnen diese Produkte und Dienstleistungen die Sie an <strong>Manolo\u00b4s Food GmbH<\/strong> oder ihrer Konzerngesellschaften angefordert haben (oder anfordern werden) bereitzustellen und\/oder Informationen zur Verf\u00fcgung zu stellen oder senden welche mit den Unternehmensgegenstand, des Unternehmens bezogen, auf Themen, die von Interesse sein k\u00f6nnen.<\/p>\n<p>Ebenso informieren wir Sie, dass Sie Ihre Rechte auf Auskunft, Berichtigung und Widerspruch schriftlich an <strong>Manolo&#8217;s Food GmbH<\/strong> aus\u00fcben k\u00f6nnen. F\u00fcr Ihre Bequemlichkeit bietet <strong>Manolo\u00b4s Food GmbH<\/strong> Ihnen die M\u00f6glichkeit, die oben genannten Rechte per E-Mail an: <strong>info@manolos.org<\/strong> zu senden.<\/p>\n\t<\/div>\n<\/div>\n\n\n\n\n\t\t\t<\/div> \n\t\t<\/div>\n\t<\/div> \n<\/div><\/div>\n","protected":false},"excerpt":{"rendered":"MANOLO\u00b4S FOOD GMBH Heinrich-Haubner-Str. 11 5020 Salzburg Austria Tel. +43 662 840280 Fax +43 662 847356 e-mail:\u00a0info@manolos.org GLN: 912 004 647 000 9 ARA: 167 29 DSD: 555 3130 Trade...","protected":false},"author":1,"featured_media":0,"parent":0,"menu_order":300,"comment_status":"closed","ping_status":"closed","template":"","meta":{"footnotes":""},"class_list":["post-481","page","type-page","status-publish"],"yoast_head":"<!-- This site is optimized with the Yoast SEO plugin v26.1.1 - https:\/\/yoast.com\/wordpress\/plugins\/seo\/ -->\n<title>Impressum - Manolo&#039;s Food<\/title>\n<meta name=\"robots\" content=\"index, follow, max-snippet:-1, max-image-preview:large, max-video-preview:-1\" \/>\n<link rel=\"canonical\" href=\"https:\/\/manolos.org\/de\/impressum\/\" \/>\n<meta property=\"og:locale\" content=\"de_DE\" \/>\n<meta property=\"og:type\" content=\"article\" \/>\n<meta property=\"og:title\" content=\"Impressum - Manolo&#039;s Food\" \/>\n<meta property=\"og:url\" content=\"https:\/\/manolos.org\/de\/impressum\/\" \/>\n<meta property=\"og:site_name\" content=\"Manolo&#039;s Food\" \/>\n<meta property=\"article:publisher\" content=\"https:\/\/www.facebook.com\/andmore4you\" \/>\n<meta property=\"article:modified_time\" content=\"2024-11-18T19:26:36+00:00\" \/>\n<meta name=\"twitter:card\" content=\"summary_large_image\" \/>\n<meta name=\"twitter:label1\" content=\"Gesch\u00e4tzte Lesezeit\" \/>\n\t<meta name=\"twitter:data1\" content=\"5\u00a0Minuten\" \/>\n<script type=\"application\/ld+json\" class=\"yoast-schema-graph\">{\"@context\":\"https:\/\/schema.org\",\"@graph\":[{\"@type\":\"WebPage\",\"@id\":\"https:\/\/manolos.org\/de\/impressum\/\",\"url\":\"https:\/\/manolos.org\/de\/impressum\/\",\"name\":\"Impressum - Manolo&#039;s Food\",\"isPartOf\":{\"@id\":\"https:\/\/manolos.org\/de\/#website\"},\"datePublished\":\"2023-07-17T07:50:05+00:00\",\"dateModified\":\"2024-11-18T19:26:36+00:00\",\"breadcrumb\":{\"@id\":\"https:\/\/manolos.org\/de\/impressum\/#breadcrumb\"},\"inLanguage\":\"de\",\"potentialAction\":[{\"@type\":\"ReadAction\",\"target\":[\"https:\/\/manolos.org\/de\/impressum\/\"]}]},{\"@type\":\"BreadcrumbList\",\"@id\":\"https:\/\/manolos.org\/de\/impressum\/#breadcrumb\",\"itemListElement\":[{\"@type\":\"ListItem\",\"position\":1,\"name\":\"Portada\",\"item\":\"https:\/\/manolos.org\/de\/\"},{\"@type\":\"ListItem\",\"position\":2,\"name\":\"Impressum\"}]},{\"@type\":\"WebSite\",\"@id\":\"https:\/\/manolos.org\/de\/#website\",\"url\":\"https:\/\/manolos.org\/de\/\",\"name\":\"Manolo's Food\",\"description\":\"\",\"publisher\":{\"@id\":\"https:\/\/manolos.org\/de\/#organization\"},\"potentialAction\":[{\"@type\":\"SearchAction\",\"target\":{\"@type\":\"EntryPoint\",\"urlTemplate\":\"https:\/\/manolos.org\/de\/?s={search_term_string}\"},\"query-input\":{\"@type\":\"PropertyValueSpecification\",\"valueRequired\":true,\"valueName\":\"search_term_string\"}}],\"inLanguage\":\"de\"},{\"@type\":\"Organization\",\"@id\":\"https:\/\/manolos.org\/de\/#organization\",\"name\":\"Manolo's Food\",\"url\":\"https:\/\/manolos.org\/de\/\",\"logo\":{\"@type\":\"ImageObject\",\"inLanguage\":\"de\",\"@id\":\"https:\/\/manolos.org\/de\/#\/schema\/logo\/image\/\",\"url\":\"https:\/\/manolos.org\/wp-content\/uploads\/2024\/10\/logo-manolo-2.png\",\"contentUrl\":\"https:\/\/manolos.org\/wp-content\/uploads\/2024\/10\/logo-manolo-2.png\",\"width\":287,\"height\":175,\"caption\":\"Manolo's Food\"},\"image\":{\"@id\":\"https:\/\/manolos.org\/de\/#\/schema\/logo\/image\/\"},\"sameAs\":[\"https:\/\/www.facebook.com\/andmore4you\",\"https:\/\/www.youtube.com\/andmore4you\"]}]}<\/script>\n<!-- \/ Yoast SEO plugin. -->","yoast_head_json":{"title":"Impressum - Manolo&#039;s Food","robots":{"index":"index","follow":"follow","max-snippet":"max-snippet:-1","max-image-preview":"max-image-preview:large","max-video-preview":"max-video-preview:-1"},"canonical":"https:\/\/manolos.org\/de\/impressum\/","og_locale":"de_DE","og_type":"article","og_title":"Impressum - Manolo&#039;s Food","og_url":"https:\/\/manolos.org\/de\/impressum\/","og_site_name":"Manolo&#039;s Food","article_publisher":"https:\/\/www.facebook.com\/andmore4you","article_modified_time":"2024-11-18T19:26:36+00:00","twitter_card":"summary_large_image","twitter_misc":{"Gesch\u00e4tzte Lesezeit":"5\u00a0Minuten"},"schema":{"@context":"https:\/\/schema.org","@graph":[{"@type":"WebPage","@id":"https:\/\/manolos.org\/de\/impressum\/","url":"https:\/\/manolos.org\/de\/impressum\/","name":"Impressum - Manolo&#039;s Food","isPartOf":{"@id":"https:\/\/manolos.org\/de\/#website"},"datePublished":"2023-07-17T07:50:05+00:00","dateModified":"2024-11-18T19:26:36+00:00","breadcrumb":{"@id":"https:\/\/manolos.org\/de\/impressum\/#breadcrumb"},"inLanguage":"de","potentialAction":[{"@type":"ReadAction","target":["https:\/\/manolos.org\/de\/impressum\/"]}]},{"@type":"BreadcrumbList","@id":"https:\/\/manolos.org\/de\/impressum\/#breadcrumb","itemListElement":[{"@type":"ListItem","position":1,"name":"Portada","item":"https:\/\/manolos.org\/de\/"},{"@type":"ListItem","position":2,"name":"Impressum"}]},{"@type":"WebSite","@id":"https:\/\/manolos.org\/de\/#website","url":"https:\/\/manolos.org\/de\/","name":"Manolo's Food","description":"","publisher":{"@id":"https:\/\/manolos.org\/de\/#organization"},"potentialAction":[{"@type":"SearchAction","target":{"@type":"EntryPoint","urlTemplate":"https:\/\/manolos.org\/de\/?s={search_term_string}"},"query-input":{"@type":"PropertyValueSpecification","valueRequired":true,"valueName":"search_term_string"}}],"inLanguage":"de"},{"@type":"Organization","@id":"https:\/\/manolos.org\/de\/#organization","name":"Manolo's Food","url":"https:\/\/manolos.org\/de\/","logo":{"@type":"ImageObject","inLanguage":"de","@id":"https:\/\/manolos.org\/de\/#\/schema\/logo\/image\/","url":"https:\/\/manolos.org\/wp-content\/uploads\/2024\/10\/logo-manolo-2.png","contentUrl":"https:\/\/manolos.org\/wp-content\/uploads\/2024\/10\/logo-manolo-2.png","width":287,"height":175,"caption":"Manolo's Food"},"image":{"@id":"https:\/\/manolos.org\/de\/#\/schema\/logo\/image\/"},"sameAs":["https:\/\/www.facebook.com\/andmore4you","https:\/\/www.youtube.com\/andmore4you"]}]}},"_links":{"self":[{"href":"https:\/\/manolos.org\/de\/wp-json\/wp\/v2\/pages\/481","targetHints":{"allow":["GET"]}}],"collection":[{"href":"https:\/\/manolos.org\/de\/wp-json\/wp\/v2\/pages"}],"about":[{"href":"https:\/\/manolos.org\/de\/wp-json\/wp\/v2\/types\/page"}],"author":[{"embeddable":true,"href":"https:\/\/manolos.org\/de\/wp-json\/wp\/v2\/users\/1"}],"replies":[{"embeddable":true,"href":"https:\/\/manolos.org\/de\/wp-json\/wp\/v2\/comments?post=481"}],"version-history":[{"count":2,"href":"https:\/\/manolos.org\/de\/wp-json\/wp\/v2\/pages\/481\/revisions"}],"predecessor-version":[{"id":2903,"href":"https:\/\/manolos.org\/de\/wp-json\/wp\/v2\/pages\/481\/revisions\/2903"}],"wp:attachment":[{"href":"https:\/\/manolos.org\/de\/wp-json\/wp\/v2\/media?parent=481"}],"curies":[{"name":"wp","href":"https:\/\/api.w.org\/{rel}","templated":true}]}}